{"id":9470,"date":"2022-01-23T18:05:33","date_gmt":"2022-01-23T18:05:33","guid":{"rendered":"https:\/\/delapaztur.tur.ar\/turismo\/?page_id=9470"},"modified":"2023-08-24T16:20:27","modified_gmt":"2023-08-24T16:20:27","slug":"gourmet","status":"publish","type":"page","link":"https:\/\/delapaztur.tur.ar\/turismo\/gourmet\/","title":{"rendered":"Gourmet"},"content":{"rendered":"<p>[vc_row content_placement=\u00bbmiddle\u00bb][vc_column][vc_column_text]<\/p>\n<h1>GOURMET<\/h1>\n<p>[\/vc_column_text][vc_empty_space height=\u00bb20px\u00bb][vc_column_text css=\u00bb.vc_custom_1583935379960{border-top-width: 0px !important;border-right-width: 0px !important;border-bottom-width: 0px !important;border-left-width: 0px !important;}\u00bb]<\/p>\n<p style=\"text-align: center;\">En esta secci\u00f3n te presentamos algunas de las propuestas gastron\u00f3micas hechas especialmente para el deleite de los <strong>manjares regionales<\/strong><em>.<\/em><\/p>\n<p>[\/vc_column_text][vc_empty_space][vc_empty_space height=\u00bb20px\u00bb][\/vc_column][\/vc_row][vc_row][vc_column el_class=\u00bbtarjeta\u00bb][vc_column_text]<\/p>\n<h2>BARILOCHE<\/h2>\n<p>[\/vc_column_text][vc_empty_space][vc_empty_space height=\u00bb5px\u00bb][vc_column_text]<\/p>\n<h2 class=\"eduk_title_font left\" style=\"text-align: center;\"><strong>Desayunos y meriendas<\/strong><\/h2>\n<p>[\/vc_column_text][vc_empty_space height=\u00bb40px\u00bb][vc_row_inner][vc_column_inner width=\u00bb1\/3&#8243;][vc_column_text]<\/p>\n<h4 style=\"text-align: left;\"><em><strong>Desayuno Buffet<\/strong><\/em><\/h4>\n<p style=\"text-align: left;\">Incluye <strong>variedad<\/strong> de fiambres, quesos,<\/p>\n<p style=\"text-align: left;\">yogures, l\u00e1cteos, jugos de fruta, frutas fileteadas, cereales, panader\u00eda y facturer\u00eda artesanal, waffles y huevos revueltos, rechauds con\u00a0 alientes y servicio de cafeter\u00eda e <strong>infusiones libre<\/strong>.<\/p>\n<p>[\/vc_column_text][\/vc_column_inner][vc_column_inner width=\u00bb1\/3&#8243;][vc_column_text]<\/p>\n<h4><em><strong>T\u00e9 Llao Llao Servicio Buffet<\/strong><\/em><\/h4>\n<p><em>Winter Garden<\/em><br \/>\nIncluye hasta dos <strong>infusiones<\/strong>: caf\u00e9 o t\u00e9 en hebras o chocolate y su selecci\u00f3n libre de la mesa buffet de tortas y minisandwiches, m\u00e1s una <strong>copa de cortes\u00eda<\/strong> al finalizar.[\/vc_column_text][\/vc_column_inner][vc_column_inner width=\u00bb1\/3&#8243;][vc_column_text]<\/p>\n<h4><strong><em>T\u00e9 a la carta<\/em><\/strong><\/h4>\n<p><em>Restaurant Patagonia<\/em><br \/>\nA la carta. Pasteler\u00eda y facturer\u00eda artesanal. <strong>Variedad\u00a0<\/strong>de sandwiches y hamburguesas.<\/p>\n<p>Cafeter\u00eda e infusiones.[\/vc_column_text][\/vc_column_inner][\/vc_row_inner][vc_empty_space height=\u00bb20px\u00bb][vc_row_inner][vc_column_inner width=\u00bb1\/3&#8243;][vc_single_image image=\u00bb9428&#8243; img_size=\u00bbfull\u00bb alignment=\u00bbcenter\u00bb style=\u00bbvc_box_shadow_3d\u00bb][\/vc_column_inner][vc_column_inner width=\u00bb1\/3&#8243;][vc_single_image image=\u00bb9427&#8243; img_size=\u00bbfull\u00bb alignment=\u00bbcenter\u00bb style=\u00bbvc_box_shadow_3d\u00bb][\/vc_column_inner][vc_column_inner width=\u00bb1\/3&#8243;][vc_single_image image=\u00bb9426&#8243; img_size=\u00bbfull\u00bb alignment=\u00bbcenter\u00bb style=\u00bbvc_box_shadow_3d\u00bb][\/vc_column_inner][\/vc_row_inner][vc_empty_space height=\u00bb20px\u00bb][vc_row_inner][vc_column_inner][vc_empty_space height=\u00bb5px\u00bb][vc_column_text]<\/p>\n<h2 class=\"eduk_title_font left\" style=\"text-align: center;\"><strong>Almuerzos<\/strong><\/h2>\n<p>[\/vc_column_text][vc_empty_space height=\u00bb40px\u00bb][\/vc_column_inner][vc_column_inner width=\u00bb1\/3&#8243;][vc_column_text]<\/p>\n<h4 style=\"text-align: left;\"><em><strong>Salad Bar \u00b7 Servicio Buffet<\/strong><\/em><\/h4>\n<p><em>Winter Garden<\/em><br \/>\nIncluye <strong>variedad<\/strong> de ensaladas, ahumados, 2 (dos) platos calientes, sopa, variedad de postres, una copa de vino o una bebida sin alcohol, caf\u00e9 o t\u00e9 con <strong>petits fours<\/strong> para finalizar.[\/vc_column_text][\/vc_column_inner][vc_column_inner width=\u00bb1\/3&#8243;][vc_column_text]<\/p>\n<h4><strong><em>Almuerzo a la carta<\/em><\/strong><\/h4>\n<p><em>Restaurant Patagonia<\/em><br \/>\nVariedad de <strong>opciones regionales<\/strong> con estilos mediterr\u00e1neos y gourmet. <strong>Platos de monta\u00f1a<\/strong>. Ensaladas, pastas caseras, salm\u00f3nidos, cordero patag\u00f3nico, cortes de carnes, entre otros.[\/vc_column_text][\/vc_column_inner][vc_column_inner width=\u00bb1\/3&#8243;][vc_column_text]<\/p>\n<h4><em><strong>Beer Bar<\/strong><\/em><\/h4>\n<p><em>Espacio Moreno<\/em><br \/>\nCarta de tapas regionales, hamburguesas, ensaladas y postres. Seis canillas de<strong> cervezas artesanale<\/strong>s Wesley, cocktails, cafeter\u00eda.[\/vc_column_text][\/vc_column_inner][\/vc_row_inner][vc_empty_space height=\u00bb20px\u00bb][vc_row_inner][vc_column_inner width=\u00bb1\/3&#8243;][vc_single_image image=\u00bb9408&#8243; img_size=\u00bbfull\u00bb alignment=\u00bbcenter\u00bb style=\u00bbvc_box_shadow_3d\u00bb][\/vc_column_inner][vc_column_inner width=\u00bb1\/3&#8243;][vc_single_image image=\u00bb9416&#8243; img_size=\u00bbfull\u00bb alignment=\u00bbcenter\u00bb style=\u00bbvc_box_shadow_3d\u00bb][\/vc_column_inner][vc_column_inner width=\u00bb1\/3&#8243;][vc_single_image image=\u00bb9415&#8243; img_size=\u00bbfull\u00bb alignment=\u00bbcenter\u00bb style=\u00bbvc_box_shadow_3d\u00bb][\/vc_column_inner][\/vc_row_inner][vc_empty_space height=\u00bb20px\u00bb][vc_row_inner][vc_column_inner][vc_empty_space height=\u00bb5px\u00bb][vc_column_text]<\/p>\n<h2 class=\"eduk_title_font left\" style=\"text-align: center;\"><strong>Cenas<\/strong><\/h2>\n<p>[\/vc_column_text][vc_empty_space height=\u00bb40px\u00bb][\/vc_column_inner][vc_column_inner width=\u00bb1\/3&#8243;][vc_column_text]<\/p>\n<h4 style=\"text-align: left;\"><em><strong>Cena a la carta<\/strong><\/em><\/h4>\n<p><em>Restaurant Patagonia<\/em><br \/>\nVariedad de opciones regionales con <strong>estilos mediterr\u00e1neos y gourmet<\/strong>. Platos de monta\u00f1a. Ensaladas, pastas caseras, salm\u00f3nidos, cordero patag\u00f3nico, cortes de carnes, fondue de queso, entre otros.[\/vc_column_text][\/vc_column_inner][vc_column_inner width=\u00bb1\/3&#8243;][vc_column_text]<\/p>\n<h4><strong><em>Cena a la carta<\/em><\/strong><\/h4>\n<p><em>Asador Criollo<\/em><br \/>\nOfrecemos nuestro emblem\u00e1tico <strong>cordero patag\u00f3nico<\/strong>, adem\u00e1s de otros cortes de carne regionales y de los lagos de la Patagonia, como la trucha. Tambi\u00e9n contamos con entradas como <strong>provoletas<\/strong> y <strong>empanadas<\/strong> especialmente elaboradas con ingredientes t\u00edpicos de la regi\u00f3n. Para aquellos que deseen optar por otras opciones, tambi\u00e9n podr\u00e1n deleitarse con nuestras <strong>pastas<\/strong>.[\/vc_column_text][\/vc_column_inner][vc_column_inner width=\u00bb1\/3&#8243;][vc_column_text]<\/p>\n<h4><strong><em>Cena maridada<\/em><\/strong><\/h4>\n<p><em>Cava Llao Llao<\/em><br \/>\nDegustaciones de vinos acompa\u00f1adas de un men\u00fa de 6 pasos maridados, a cargo de nuestro <strong>Wine Manager<\/strong>.<\/p>\n<p>Capacidad m\u00e1xima de 6 personas.[\/vc_column_text][\/vc_column_inner][\/vc_row_inner][vc_empty_space height=\u00bb20px\u00bb][vc_row_inner][vc_column_inner width=\u00bb1\/3&#8243;][vc_single_image image=\u00bb9423&#8243; img_size=\u00bbfull\u00bb alignment=\u00bbcenter\u00bb style=\u00bbvc_box_shadow_3d\u00bb][\/vc_column_inner][vc_column_inner width=\u00bb1\/3&#8243;][vc_single_image image=\u00bb9422&#8243; img_size=\u00bbfull\u00bb alignment=\u00bbcenter\u00bb style=\u00bbvc_box_shadow_3d\u00bb][\/vc_column_inner][vc_column_inner width=\u00bb1\/3&#8243;][vc_single_image image=\u00bb9421&#8243; img_size=\u00bbfull\u00bb alignment=\u00bbcenter\u00bb style=\u00bbvc_box_shadow_3d\u00bb][\/vc_column_inner][\/vc_row_inner][vc_row_inner][vc_column_inner][vc_empty_space][vc_btn title=\u00bbCONSULTAR\u00bb color=\u00bbblue\u00bb align=\u00bbcenter\u00bb link=\u00bburl:https%3A%2F%2Fdelapaztur.tur.ar%2Fturismo%2Fcontacto%2F|title:Contacto\u00bb][vc_empty_space][\/vc_column_inner][\/vc_row_inner][\/vc_column][\/vc_row][vc_row][vc_column][vc_row_inner][vc_column_inner el_class=\u00bbtarjeta\u00bb][vc_empty_space][vc_column_text]<\/p>\n<h2 style=\"text-align: left;\"><strong>BUENOS AIRES<br \/>\n<\/strong><\/h2>\n<p>[\/vc_column_text][vc_empty_space height=\u00bb5px\u00bb][vc_column_text]<\/p>\n<h2 style=\"text-align: center;\"><strong>Fog\u00f3n asado experience<\/strong><\/h2>\n<p>[\/vc_column_text][vc_empty_space height=\u00bb40px\u00bb][vc_column_text]<\/p>\n<h3><\/h3>\n<p>Descubr\u00ed la<strong> tradici\u00f3n del Asado<\/strong>, presentada de una manera <strong>\u00fanica<\/strong>. Une experiencia gastron\u00f3mica por pasos y a puerta cerrada que explora nuevas formas de servir los cortes de carne t\u00edpicos del Asado.<\/p>\n<p class=\"tw-data-text tw-text-large tw-ta\" dir=\"ltr\" data-placeholder=\"Traducci\u00f3n\"><span lang=\"es\">Mientras est\u00e9 sentado en nuestro bar, ver\u00e1 y experimentar\u00e1 diferentes t\u00e9cnicas de cocina a la parrilla de una manera cercana y personal.<br \/>\n<\/span><span lang=\"es\">Vivir\u00e1 una velada memorable para cada hu\u00e9sped, m\u00e1s all\u00e1 de las expectativas habituales de un asador.<\/span><\/p>\n<p>El chef estar\u00e1 a disposici\u00f3n para explicar todos los m\u00e9todos utilizados.<\/p>\n<p>&nbsp;<\/p>\n<p><strong>Inicio de la cena:<\/strong> 7:45pm[\/vc_column_text][vc_empty_space][vc_gallery type=\u00bbimage_grid\u00bb images=\u00bb9437,9438,9436&#8243; img_size=\u00bb350 x 335&#8243; onclick=\u00bb\u00bb el_class=\u00bbvc_single_image-img\u00bb][vc_empty_space][vc_empty_space][vc_btn title=\u00bbCONSULTAR\u00bb color=\u00bbblue\u00bb align=\u00bbcenter\u00bb link=\u00bburl:https%3A%2F%2Fdelapaztur.tur.ar%2Fturismo%2Fcontacto%2F|title:Contacto\u00bb][\/vc_column_inner][\/vc_row_inner][\/vc_column][\/vc_row][vc_row][vc_column el_class=\u00bbtarjeta\u00bb][vc_row_inner][vc_column_inner][vc_empty_space][vc_column_text]<\/p>\n<h2 style=\"text-align: left;\"><strong>BUENOS AIRES\/IGUAZ\u00da<\/strong><\/h2>\n<p>[\/vc_column_text][vc_empty_space height=\u00bb5px\u00bb][vc_column_text]<\/p>\n<h2 class=\"eduk_title_font left\" style=\"text-align: center;\"><strong>The Argentina experience<\/strong><\/h2>\n<p>[\/vc_column_text][vc_empty_space height=\u00bb40px\u00bb][vc_column_text]\u00a1Una experiencia que le har\u00e1 descubrir el<strong> placer Argentino<\/strong>!<\/p>\n<p>En el marco de una<strong> maravillosa cena<\/strong> podr\u00e1 vivir las tradiciones argentinas de una forma muy divertida. Al finalizar, habr\u00e1 aprendido a cerrar su <strong>empanada<\/strong> usando la t\u00e9cnica \u00abrepulgar\u00bb, pedir <strong>bistec<\/strong> a su manera en espa\u00f1ol, y preparar su propio <strong>\u00abmate\u00bb<\/strong>.<\/p>\n<p id=\"tw-target-text\" class=\"tw-data-text tw-text-large tw-ta\" dir=\"ltr\" data-placeholder=\"Traducci\u00f3n\"><span lang=\"es\">Todos los ingredientes gourmet y filetes son preparados por nuestro equipo altamente calificado de chefs. Recibir\u00e1s las recetas para todo, para que puedas recrear The Argentine Experience para amigos y familiares en casa.<\/span><\/p>\n<p><strong>Inicio de la cena:\u00a0<\/strong><\/p>\n<p class=\"tw-data-text tw-text-large tw-ta\" dir=\"ltr\" data-placeholder=\"Traducci\u00f3n\"><span lang=\"es\">La cena comienza puntualmente a las <strong>8 p.m<\/strong>., por favor llegue entre las 7:30 p.m. y las 7,45 p.m. para que podamos reunirnos y saludarlo con una bebida de bienvenida y presentarle a los dem\u00e1s invitados.\u00a0<\/span><span lang=\"es\">Las cenas suelen terminar alrededor de las <strong>10.30 p.m<\/strong>.<\/span><\/p>\n<p>[\/vc_column_text][vc_empty_space][\/vc_column_inner][\/vc_row_inner][vc_row_inner][vc_column_inner width=\u00bb1\/3&#8243;][vc_single_image image=\u00bb9444&#8243; img_size=\u00bbfull\u00bb style=\u00bbvc_box_shadow_3d\u00bb][\/vc_column_inner][vc_column_inner width=\u00bb1\/3&#8243;][vc_single_image image=\u00bb9443&#8243; img_size=\u00bbfull\u00bb style=\u00bbvc_box_shadow_3d\u00bb][\/vc_column_inner][vc_column_inner width=\u00bb1\/3&#8243;][vc_single_image image=\u00bb9442&#8243; img_size=\u00bbfull\u00bb style=\u00bbvc_box_shadow_3d\u00bb][\/vc_column_inner][\/vc_row_inner][vc_empty_space][vc_btn title=\u00bbCONSULTAR\u00bb color=\u00bbblue\u00bb align=\u00bbcenter\u00bb link=\u00bburl:https%3A%2F%2Fdelapaztur.tur.ar%2Fturismo%2Fcontacto%2F|title:Contacto\u00bb][vc_empty_space][\/vc_column][\/vc_row][vc_row][vc_column el_class=\u00bbtarjeta\u00bb][vc_row_inner][vc_column_inner][vc_empty_space][vc_column_text]<\/p>\n<h2 style=\"text-align: left;\"><strong>MENDOZA<\/strong><\/h2>\n<p>[\/vc_column_text][vc_empty_space height=\u00bb5px\u00bb][vc_column_text]<\/p>\n<h2 class=\"eduk_title_font left\" style=\"text-align: center;\"><strong>Cooking class Zona Centro<\/strong><\/h2>\n<p>[\/vc_column_text][vc_empty_space height=\u00bb40px\u00bb][vc_empty_space][vc_column_text]<\/p>\n<h3><\/h3>\n<p>Podr\u00e1 optar por realizar una <strong>clase exclusiva<\/strong> de cocina acompa\u00f1ados por un <em>excelente Chef Gourmet<\/em> de trayectoria. Aqu\u00ed podr\u00e1 elaborar sus propios platos, dentro de un c\u00e1lido y amigable entorno.<\/p>\n<p>El Chef ense\u00f1ar\u00e1, en un par de horas, c\u00f3mo preparar algunos manjares de la <strong>cocina regional<\/strong>.<\/p>\n<p>En este bello entorno, disfrutaremos del men\u00fa preparado, acompa\u00f1ados de los vinos de la casa. Al finalizar nos llevaremos el placer de haber conocido algunos de los secretos del vino y la cocina Argentina.<\/p>\n<p>&nbsp;<\/p>\n<h4><strong><em>Servicios inclu\u00eddos<\/em><\/strong><\/h4>\n<ul>\n<li><span style=\"color: #000000;\">Traslados<\/span><\/li>\n<li><span style=\"color: #000000;\">Clase de cocina a cargo del Chef<\/span><\/li>\n<li><span style=\"color: #000000;\">Almuerzo o cena en el Restaurante del lugar con vinos incluidos<\/span><\/li>\n<li><span style=\"color: #000000;\">Material para clase de cocina<\/span><\/li>\n<\/ul>\n<p>[\/vc_column_text][vc_empty_space][\/vc_column_inner][\/vc_row_inner][vc_row_inner][vc_column_inner width=\u00bb1\/3&#8243;][vc_single_image image=\u00bb9448&#8243; img_size=\u00bbfull\u00bb style=\u00bbvc_box_shadow_3d\u00bb][\/vc_column_inner][vc_column_inner width=\u00bb1\/3&#8243;][vc_single_image image=\u00bb9447&#8243; img_size=\u00bbfull\u00bb style=\u00bbvc_box_shadow_3d\u00bb][\/vc_column_inner][vc_column_inner width=\u00bb1\/3&#8243;][vc_single_image image=\u00bb9446&#8243; img_size=\u00bbfull\u00bb style=\u00bbvc_box_shadow_3d\u00bb][\/vc_column_inner][\/vc_row_inner][vc_btn title=\u00bbCONSULTAR\u00bb color=\u00bbblue\u00bb align=\u00bbcenter\u00bb link=\u00bburl:https%3A%2F%2Fdelapaztur.tur.ar%2Fturismo%2Fcontacto%2F|title:Contacto\u00bb][vc_empty_space][\/vc_column][\/vc_row][vc_row][vc_column el_class=\u00bbtarjeta\u00bb][vc_row_inner][vc_column_inner][vc_empty_space][vc_column_text]<\/p>\n<h2 style=\"text-align: left;\"><strong>MISIONES<\/strong><\/h2>\n<p>[\/vc_column_text][vc_empty_space height=\u00bb5px\u00bb][vc_column_text]<\/p>\n<h2 class=\"eduk_title_font left\" style=\"text-align: center;\"><strong>Cooking class Zona Centro<\/strong><\/h2>\n<p>[\/vc_column_text][vc_empty_space height=\u00bb40px\u00bb][vc_empty_space][vc_column_text]<\/p>\n<h3><\/h3>\n<p>Un lugar acogedor, una plantaci\u00f3n de t\u00e9, <strong>naturaleza en su m\u00e1xima expresi\u00f3n<\/strong>. Conocer\u00e1 acerca de la historia del t\u00e9, sus or\u00edgenes, como llega a la Argentina, los procesos desarrollados en el pa\u00eds, sus m\u00e9todos de recolecci\u00f3n y elaboraci\u00f3n.<\/p>\n<p>Cosechar\u00e1 manualmente las hierbas y hojas verdes para la elaboraci\u00f3n de tu propio t\u00e9 verde artesanal.<\/p>\n<p>Luego se deleitar\u00e1 con un <strong>almuerzo<\/strong> de tres pasos con maridaje de tes, y para finalizar realizar\u00e1 la <strong>cata del t\u00e9 elaborado<\/strong>.[\/vc_column_text][vc_empty_space][\/vc_column_inner][\/vc_row_inner][vc_row_inner][vc_column_inner width=\u00bb1\/3&#8243;][vc_single_image image=\u00bb9452&#8243; img_size=\u00bbfull\u00bb style=\u00bbvc_box_shadow_3d\u00bb][\/vc_column_inner][vc_column_inner width=\u00bb1\/3&#8243;][vc_single_image image=\u00bb9451&#8243; img_size=\u00bbfull\u00bb style=\u00bbvc_box_shadow_3d\u00bb][\/vc_column_inner][vc_column_inner width=\u00bb1\/3&#8243;][vc_single_image image=\u00bb9450&#8243; img_size=\u00bbfull\u00bb style=\u00bbvc_box_shadow_3d\u00bb][\/vc_column_inner][\/vc_row_inner][vc_btn title=\u00bbCONSULTAR\u00bb color=\u00bbblue\u00bb align=\u00bbcenter\u00bb link=\u00bburl:https%3A%2F%2Fdelapaztur.tur.ar%2Fturismo%2Fcontacto%2F|title:Contacto\u00bb][vc_empty_space][\/vc_column][\/vc_row][vc_row][vc_column el_class=\u00bbtarjeta\u00bb][vc_row_inner][vc_column_inner][vc_empty_space][vc_column_text]<\/p>\n<h2 style=\"text-align: left;\"><strong>PUERTO MADRYN<\/strong><\/h2>\n<p>[\/vc_column_text][vc_empty_space height=\u00bb5px\u00bb][vc_column_text]<\/p>\n<h2 class=\"eduk_title_font left\" style=\"text-align: center;\"><strong>Zonotrikia Gourmet<\/strong><\/h2>\n<p>[\/vc_column_text][vc_empty_space height=\u00bb40px\u00bb][vc_empty_space][\/vc_column_inner][\/vc_row_inner][vc_row_inner][vc_column_inner][vc_column_text]<\/p>\n<h3><\/h3>\n<p>Un nuevo concepto gastron\u00f3mico al aire libre, en la comarca<strong> Pen\u00ednsula Vald\u00e9s<\/strong>. Es una propuesta que consiste en cocina gourmet al aire libre inmersos en el <strong>paisaje rural<\/strong>, donde todos los men\u00fas est\u00e1n elaborados con productos t\u00edpicos, preparados por profesionales.[\/vc_column_text][vc_empty_space][\/vc_column_inner][vc_column_inner width=\u00bb1\/3&#8243;][vc_single_image image=\u00bb9456&#8243; img_size=\u00bbfull\u00bb alignment=\u00bbcenter\u00bb style=\u00bbvc_box_shadow_3d\u00bb css=\u00bb.vc_custom_1642941526963{border-radius: 30px !important;}\u00bb][\/vc_column_inner][vc_column_inner width=\u00bb1\/3&#8243;][vc_single_image image=\u00bb9455&#8243; img_size=\u00bbfull\u00bb style=\u00bbvc_box_shadow_3d\u00bb][\/vc_column_inner][vc_column_inner width=\u00bb1\/3&#8243;][vc_single_image image=\u00bb9454&#8243; img_size=\u00bbfull\u00bb style=\u00bbvc_box_shadow_3d\u00bb][\/vc_column_inner][\/vc_row_inner][vc_btn title=\u00bbCONSULTAR\u00bb color=\u00bbblue\u00bb align=\u00bbcenter\u00bb link=\u00bburl:https%3A%2F%2Fdelapaztur.tur.ar%2Fturismo%2Fcontacto%2F|title:Contacto\u00bb][vc_empty_space][\/vc_column][\/vc_row][vc_row][vc_column el_class=\u00bbtarjeta\u00bb][vc_row_inner][vc_column_inner][vc_empty_space][vc_column_text]<\/p>\n<h2 style=\"text-align: left;\"><strong>USHUAIA<\/strong><\/h2>\n<p>[\/vc_column_text][vc_empty_space height=\u00bb5px\u00bb][vc_column_text]<\/p>\n<h2 class=\"eduk_title_font left\" style=\"text-align: center;\"><strong>Pesca de centolla y almuerzo gourmet<\/strong><\/h2>\n<p>[\/vc_column_text][vc_empty_space height=\u00bb40px\u00bb][vc_empty_space][\/vc_column_inner][\/vc_row_inner][vc_row_inner][vc_column_inner][vc_column_text]En esta experiencia podr\u00e1 optar por pescar su propia centolla y realizar una <strong>clase exlusiva<\/strong> de cocina acompa\u00f1ados por un excelente <strong>Chef Gourmet<\/strong> de trayectoria. Aqu\u00ed podr\u00e1 elaborar sus propios platos, dentro de un c\u00e1lido y amigable entorno. El Chef ense\u00f1ar\u00e1, en un par de horas, c\u00f3mo preparar algunos manjares de la cocina regional.<\/p>\n<p>Comenzamos dirigie\u0301ndonos a la Ruta Nacional 3 de Ushuaia, tomando un camino de ripio por un denso bosque nativo. Cuando llegamos a la costa, comenzamos a caminar por el bosque hasta una agitada y copiosa cascada. De vuelta en el vehi\u0301culo, te llevamos a<i>\u00a0<\/i><strong>Puerto Almanza<\/strong>,<strong>\u00a0<\/strong>el puerto pesquero ma\u0301s austral de la Argentina<i>.<\/i><\/p>\n<p>Desde alli\u0301, tomamos otro camino de ripio por unos 15km hasta llegar a una <strong>pequen\u0303a y adorable aldea<\/strong> pesquera donde nos recibe una familia local y nos invitan a subir a un bote, con el cual nos dirigimos hacia un lugar adecuado para comenzar la experiencia de captura de centolla.<\/p>\n<p>\u00a1Paramos, levantamos las trampas y esperamos hasta sacar grandes centollas! Al volver a la costa, los anfitriones nos preparan la centolla al <strong>estilo patago\u0301nico<\/strong>, cocida con agua de mar. Ademas nos van a ense\u00f1ar como disfrutarla mejor. Tambi\u00e9n nos encontraremos con algunas sorpresas del <strong>Beagle<\/strong> que seg\u00fan la estaci\u00f3n del a\u00f1o pueden variar.<\/p>\n<p>&nbsp;<\/p>\n<h4><strong><em>Servicios inclu\u00eddos<\/em><\/strong><\/h4>\n<ul>\n<li><span style=\"color: #000000;\">Refigerio<\/span><\/li>\n<li><span style=\"color: #000000;\">Almuerzo<\/span><\/li>\n<li><span style=\"color: #000000;\">Una bebida sin alcohol por persona<\/span><\/li>\n<li><span style=\"color: #000000;\">Una copa de vino o cerveza artesanal Beagle<\/span><\/li>\n<\/ul>\n<p>[\/vc_column_text][vc_empty_space][\/vc_column_inner][\/vc_row_inner][vc_row_inner][vc_column_inner width=\u00bb1\/3&#8243;][vc_single_image image=\u00bb9460&#8243; img_size=\u00bbfull\u00bb style=\u00bbvc_box_shadow_3d\u00bb][\/vc_column_inner][vc_column_inner width=\u00bb1\/3&#8243;][vc_single_image image=\u00bb9459&#8243; img_size=\u00bbfull\u00bb style=\u00bbvc_box_shadow_3d\u00bb][\/vc_column_inner][vc_column_inner width=\u00bb1\/3&#8243;][vc_single_image image=\u00bb9458&#8243; img_size=\u00bbfull\u00bb style=\u00bbvc_box_shadow_3d\u00bb][\/vc_column_inner][\/vc_row_inner][vc_btn title=\u00bbCONSULTAR\u00bb color=\u00bbblue\u00bb align=\u00bbcenter\u00bb link=\u00bburl:https%3A%2F%2Fdelapaztur.tur.ar%2Fturismo%2Fcontacto%2F|title:Contacto\u00bb][vc_empty_space][\/vc_column][\/vc_row]<\/p>\n","protected":false},"excerpt":{"rendered":"<p>[vc_row content_placement=\u00bbmiddle\u00bb][vc_column][vc_column_text] GOURMET [\/vc_column_text][vc_empty_space height=\u00bb20px\u00bb][vc_column_text css=\u00bb.vc_custom_1583935379960{border-top-width: 0px !important;border-right-width: 0px !important;border-bottom-width: 0px !important;border-left-width: 0px !important;}\u00bb] En esta secci\u00f3n te presentamos algunas de las propuestas gastron\u00f3micas hechas especialmente para el deleite de los manjares regionales. [\/vc_column_text][vc_empty_space][vc_empty_space height=\u00bb20px\u00bb][\/vc_column][\/vc_row][vc_row][vc_column el_class=\u00bbtarjeta\u00bb][vc_column_text] BARILOCHE [\/vc_column_text][vc_empty_space][vc_empty_space height=\u00bb5px\u00bb][vc_column_text] Desayunos y meriendas [\/vc_column_text][vc_empty_space height=\u00bb40px\u00bb][vc_row_inner][vc_column_inner width=\u00bb1\/3&#8243;][vc_column_text] Desayuno Buffet Incluye variedad de fiambres, quesos, yogures, l\u00e1cteos, jugos [&hellip;]<\/p>\n","protected":false},"author":1,"featured_media":0,"parent":0,"menu_order":0,"comment_status":"closed","ping_status":"closed","template":"","meta":{"om_disable_all_campaigns":false,"_monsterinsights_skip_tracking":false,"_monsterinsights_sitenote_active":false,"_monsterinsights_sitenote_note":"","_monsterinsights_sitenote_category":0,"footnotes":""},"class_list":["post-9470","page","type-page","status-publish","hentry"],"aioseo_notices":[],"_links":{"self":[{"href":"https:\/\/delapaztur.tur.ar\/turismo\/wp-json\/wp\/v2\/pages\/9470","targetHints":{"allow":["GET"]}}],"collection":[{"href":"https:\/\/delapaztur.tur.ar\/turismo\/wp-json\/wp\/v2\/pages"}],"about":[{"href":"https:\/\/delapaztur.tur.ar\/turismo\/wp-json\/wp\/v2\/types\/page"}],"author":[{"embeddable":true,"href":"https:\/\/delapaztur.tur.ar\/turismo\/wp-json\/wp\/v2\/users\/1"}],"replies":[{"embeddable":true,"href":"https:\/\/delapaztur.tur.ar\/turismo\/wp-json\/wp\/v2\/comments?post=9470"}],"version-history":[{"count":45,"href":"https:\/\/delapaztur.tur.ar\/turismo\/wp-json\/wp\/v2\/pages\/9470\/revisions"}],"predecessor-version":[{"id":11912,"href":"https:\/\/delapaztur.tur.ar\/turismo\/wp-json\/wp\/v2\/pages\/9470\/revisions\/11912"}],"wp:attachment":[{"href":"https:\/\/delapaztur.tur.ar\/turismo\/wp-json\/wp\/v2\/media?parent=9470"}],"curies":[{"name":"wp","href":"https:\/\/api.w.org\/{rel}","templated":true}]}}