{"id":8259,"date":"2020-06-09T14:41:31","date_gmt":"2020-06-09T14:41:31","guid":{"rendered":"https:\/\/delapaztur.tur.ar\/turismo\/index.php\/trekking\/"},"modified":"2023-06-21T23:42:36","modified_gmt":"2023-06-21T23:42:36","slug":"trekking","status":"publish","type":"page","link":"https:\/\/delapaztur.tur.ar\/turismo\/trekking\/","title":{"rendered":"Trekking"},"content":{"rendered":"<p>[vc_row][vc_column]<div style=\"background-color:;height: 20pxpx\" class=\"nicdark_section  \"><\/div>[vc_column_text]<\/p>\n<h4 style=\"text-align: center;\">Nuestros viajes son dise\u00f1ados a medida,<br \/>\ncu\u00e9ntanos qu\u00e9 deseas hacer y dise\u00f1aremos una experiencia inigualable<br \/>\nque superar\u00e1 todas tus expectativas.<\/h4>\n<p>[\/vc_column_text]<div style=\"background-color:;height: 20px\" class=\"nicdark_section  \"><\/div>[\/vc_column][\/vc_row][vc_row][vc_column width=\u00bb1\/3&#8243;]<div style=\"background-color:;height: 20px\" class=\"nicdark_section  \"><\/div>[vc_single_image image=\u00bb11698&#8243; img_size=\u00bbfull\u00bb alignment=\u00bbcenter\u00bb style=\u00bbvc_box_rounded\u00bb onclick=\u00bbcustom_link\u00bb link=\u00bbhttps:\/\/delapaztur.tur.ar\/turismo\/packages\/trekking-torres-del-paine\/\u00bb]<div style=\"background-color:;height: 20px\" class=\"nicdark_section  \"><\/div>[vc_single_image image=\u00bb11690&#8243; img_size=\u00bbfull\u00bb alignment=\u00bbcenter\u00bb style=\u00bbvc_box_rounded\u00bb onclick=\u00bbcustom_link\u00bb link=\u00bbhttps:\/\/delapaztur.tur.ar\/turismo\/packages\/trekking-cerro-bella-vista\/\u00bb]<div style=\"background-color:;height: 20px\" class=\"nicdark_section  \"><\/div>[vc_single_image image=\u00bb11691&#8243; img_size=\u00bbfull\u00bb alignment=\u00bbcenter\u00bb style=\u00bbvc_box_rounded\u00bb onclick=\u00bbcustom_link\u00bb link=\u00bbhttps:\/\/delapaztur.tur.ar\/turismo\/packages\/cerro-lopez-bariloche\/\u00bb]<div style=\"background-color:;height: 20px\" class=\"nicdark_section  \"><\/div>[vc_single_image image=\u00bb11699&#8243; img_size=\u00bbfull\u00bb alignment=\u00bbcenter\u00bb style=\u00bbvc_box_rounded\u00bb onclick=\u00bbcustom_link\u00bb link=\u00bbhttps:\/\/delapaztur.tur.ar\/turismo\/packages\/cinco-lagunas-bariloche\/\u00bb]<div style=\"background-color:;height: 20px\" class=\"nicdark_section  \"><\/div>[vc_single_image image=\u00bb11695&#8243; img_size=\u00bbfull\u00bb alignment=\u00bbcenter\u00bb style=\u00bbvc_box_rounded\u00bb onclick=\u00bbcustom_link\u00bb link=\u00bbhttps:\/\/delapaztur.tur.ar\/turismo\/packages\/trekking-de-iruya-a-la-quiaca\/\u00bb][\/vc_column][vc_column width=\u00bb1\/3&#8243;]<div style=\"background-color:;height: 20px\" class=\"nicdark_section  \"><\/div>[vc_single_image image=\u00bb11697&#8243; img_size=\u00bbfull\u00bb alignment=\u00bbcenter\u00bb style=\u00bbvc_box_rounded\u00bb onclick=\u00bbcustom_link\u00bb link=\u00bbhttps:\/\/delapaztur.tur.ar\/turismo\/packages\/trekking-patagonia-aventura-total\/\u00bb]<div style=\"background-color:;height: 20px\" class=\"nicdark_section  \"><\/div>[vc_single_image image=\u00bb11686&#8243; img_size=\u00bbfull\u00bb alignment=\u00bbcenter\u00bb style=\u00bbvc_box_rounded\u00bb onclick=\u00bbcustom_link\u00bb link=\u00bbhttps:\/\/delapaztur.tur.ar\/turismo\/packages\/trekking-refugio-frey\/\u00bb]<div style=\"background-color:;height: 20px\" class=\"nicdark_section  \"><\/div>[vc_single_image image=\u00bb11692&#8243; img_size=\u00bbfull\u00bb alignment=\u00bbcenter\u00bb style=\u00bbvc_box_rounded\u00bb onclick=\u00bbcustom_link\u00bb link=\u00bbhttps:\/\/delapaztur.tur.ar\/turismo\/packages\/trekking-circuito-w-express\/\u00bb]<div style=\"background-color:;height: 20px\" class=\"nicdark_section  \"><\/div>[vc_single_image image=\u00bb11693&#8243; img_size=\u00bbfull\u00bb alignment=\u00bbcenter\u00bb style=\u00bbvc_box_rounded\u00bb onclick=\u00bbcustom_link\u00bb link=\u00bbhttps:\/\/delapaztur.tur.ar\/turismo\/packages\/trekking-en-la-patagonia\/\u00bb]<div style=\"background-color:;height: 20px\" class=\"nicdark_section  \"><\/div>[vc_single_image image=\u00bb11688&#8243; img_size=\u00bbfull\u00bb alignment=\u00bbcenter\u00bb style=\u00bbvc_box_rounded\u00bb onclick=\u00bbcustom_link\u00bb link=\u00bbhttps:\/\/delapaztur.tur.ar\/turismo\/packages\/trekking-de-la-puna-a-la-selva\/\u00bb][\/vc_column][vc_column width=\u00bb1\/3&#8243;]<div style=\"background-color:;height: 20px\" class=\"nicdark_section  \"><\/div>[vc_single_image image=\u00bb11689&#8243; img_size=\u00bbfull\u00bb alignment=\u00bbcenter\u00bb style=\u00bbvc_box_rounded\u00bb onclick=\u00bbcustom_link\u00bb link=\u00bbhttps:\/\/delapaztur.tur.ar\/turismo\/packages\/trekking-senderos-de-patagonia\u00bb]<div style=\"background-color:;height: 20px\" class=\"nicdark_section  \"><\/div>[vc_single_image image=\u00bb11685&#8243; img_size=\u00bbfull\u00bb alignment=\u00bbcenter\u00bb style=\u00bbvc_box_rounded\u00bb onclick=\u00bbcustom_link\u00bb link=\u00bbhttps:\/\/delapaztur.tur.ar\/turismo\/packages\/cerro-llao-llao\/\u00bb]<div style=\"background-color:;height: 20px\" class=\"nicdark_section  \"><\/div>[vc_single_image image=\u00bb11694&#8243; img_size=\u00bbfull\u00bb alignment=\u00bbcenter\u00bb style=\u00bbvc_box_rounded\u00bb onclick=\u00bbcustom_link\u00bb link=\u00bbhttps:\/\/delapaztur.tur.ar\/turismo\/packages\/refugio-frey-jakob-bariloche\/\u00bb]<div style=\"background-color:;height: 20px\" class=\"nicdark_section  \"><\/div>[vc_single_image image=\u00bb11687&#8243; img_size=\u00bbfull\u00bb alignment=\u00bbcenter\u00bb style=\u00bbvc_box_rounded\u00bb onclick=\u00bbcustom_link\u00bb link=\u00bbhttps:\/\/delapaztur.tur.ar\/turismo\/packages\/trekking-ushuaia\/\u00bb]<div style=\"background-color:;height: 20px\" class=\"nicdark_section  \"><\/div>[vc_single_image image=\u00bb11696&#8243; img_size=\u00bbfull\u00bb alignment=\u00bbcenter\u00bb style=\u00bbvc_box_rounded\u00bb onclick=\u00bbcustom_link\u00bb link=\u00bbhttps:\/\/delapaztur.tur.ar\/turismo\/packages\/aventura-de-humahuaca-a-las-yungas\/\u00bb][\/vc_column][\/vc_row]<\/p>\n","protected":false},"excerpt":{"rendered":"<p>[vc_row][vc_column][vc_column_text] Nuestros viajes son dise\u00f1ados a medida, cu\u00e9ntanos qu\u00e9 deseas hacer y dise\u00f1aremos una experiencia inigualable que superar\u00e1 todas tus expectativas. [\/vc_column_text][\/vc_column][\/vc_row][vc_row][vc_column width=\u00bb1\/3&#8243;][vc_single_image image=\u00bb11698&#8243; img_size=\u00bbfull\u00bb alignment=\u00bbcenter\u00bb style=\u00bbvc_box_rounded\u00bb onclick=\u00bbcustom_link\u00bb link=\u00bbhttps:\/\/delapaztur.tur.ar\/turismo\/packages\/trekking-torres-del-paine\/\u00bb][vc_single_image image=\u00bb11690&#8243; img_size=\u00bbfull\u00bb alignment=\u00bbcenter\u00bb style=\u00bbvc_box_rounded\u00bb onclick=\u00bbcustom_link\u00bb link=\u00bbhttps:\/\/delapaztur.tur.ar\/turismo\/packages\/trekking-cerro-bella-vista\/\u00bb][vc_single_image image=\u00bb11691&#8243; img_size=\u00bbfull\u00bb alignment=\u00bbcenter\u00bb style=\u00bbvc_box_rounded\u00bb onclick=\u00bbcustom_link\u00bb link=\u00bbhttps:\/\/delapaztur.tur.ar\/turismo\/packages\/cerro-lopez-bariloche\/\u00bb][vc_single_image image=\u00bb11699&#8243; img_size=\u00bbfull\u00bb alignment=\u00bbcenter\u00bb style=\u00bbvc_box_rounded\u00bb onclick=\u00bbcustom_link\u00bb link=\u00bbhttps:\/\/delapaztur.tur.ar\/turismo\/packages\/cinco-lagunas-bariloche\/\u00bb][vc_single_image image=\u00bb11695&#8243; img_size=\u00bbfull\u00bb alignment=\u00bbcenter\u00bb style=\u00bbvc_box_rounded\u00bb onclick=\u00bbcustom_link\u00bb link=\u00bbhttps:\/\/delapaztur.tur.ar\/turismo\/packages\/trekking-de-iruya-a-la-quiaca\/\u00bb][\/vc_column][vc_column width=\u00bb1\/3&#8243;][vc_single_image image=\u00bb11697&#8243; [&hellip;]<\/p>\n","protected":false},"author":6,"featured_media":3409,"parent":0,"menu_order":0,"comment_status":"open","ping_status":"closed","template":"","meta":{"om_disable_all_campaigns":false,"_monsterinsights_skip_tracking":false,"_monsterinsights_sitenote_active":false,"_monsterinsights_sitenote_note":"","_monsterinsights_sitenote_category":0,"footnotes":""},"class_list":["post-8259","page","type-page","status-publish","has-post-thumbnail","hentry"],"aioseo_notices":[],"_links":{"self":[{"href":"https:\/\/delapaztur.tur.ar\/turismo\/wp-json\/wp\/v2\/pages\/8259","targetHints":{"allow":["GET"]}}],"collection":[{"href":"https:\/\/delapaztur.tur.ar\/turismo\/wp-json\/wp\/v2\/pages"}],"about":[{"href":"https:\/\/delapaztur.tur.ar\/turismo\/wp-json\/wp\/v2\/types\/page"}],"author":[{"embeddable":true,"href":"https:\/\/delapaztur.tur.ar\/turismo\/wp-json\/wp\/v2\/users\/6"}],"replies":[{"embeddable":true,"href":"https:\/\/delapaztur.tur.ar\/turismo\/wp-json\/wp\/v2\/comments?post=8259"}],"version-history":[{"count":59,"href":"https:\/\/delapaztur.tur.ar\/turismo\/wp-json\/wp\/v2\/pages\/8259\/revisions"}],"predecessor-version":[{"id":11720,"href":"https:\/\/delapaztur.tur.ar\/turismo\/wp-json\/wp\/v2\/pages\/8259\/revisions\/11720"}],"wp:featuredmedia":[{"embeddable":true,"href":"https:\/\/delapaztur.tur.ar\/turismo\/wp-json\/wp\/v2\/media\/3409"}],"wp:attachment":[{"href":"https:\/\/delapaztur.tur.ar\/turismo\/wp-json\/wp\/v2\/media?parent=8259"}],"curies":[{"name":"wp","href":"https:\/\/api.w.org\/{rel}","templated":true}]}}