{"id":8254,"date":"2019-05-06T19:59:12","date_gmt":"2019-05-06T19:59:12","guid":{"rendered":"https:\/\/delapaztur.tur.ar\/turismo\/index.php\/area-empresas\/"},"modified":"2024-02-02T13:28:51","modified_gmt":"2024-02-02T13:28:51","slug":"area-empresas","status":"publish","type":"page","link":"https:\/\/delapaztur.tur.ar\/turismo\/area-empresas\/","title":{"rendered":"Area Empresas"},"content":{"rendered":"<p>[vc_row full_width=\u00bbstretch_row_content_no_spaces\u00bb content_placement=\u00bbmiddle\u00bb row_style=\u00bbfull_width\u00bb css=\u00bb.vc_custom_1685305603304{margin-top: -50px !important;}\u00bb][vc_column css=\u00bb.vc_custom_1498440777070{padding-right: 0px !important;padding-left: 0px !important;}\u00bb][vc_empty_space height=\u00bb25px\u00bb][\/vc_column][\/vc_row][vc_row full_width=\u00bbstretch_row\u00bb content_placement=\u00bbmiddle\u00bb css=\u00bb.vc_custom_1642258413007{margin-top: -63px !important;}\u00bb][vc_column css=\u00bb.vc_custom_1642601270475{margin-right: 100px !important;margin-left: 100px !important;}\u00bb][vc_row_inner content_placement=\u00bbmiddle\u00bb el_class=\u00bbnicdark_sizing nicdark_border_grey nicdark_bg_grey\u00bb css=\u00bb.vc_custom_1642601052490{margin-right: 20px !important;padding-top: 20px !important;padding-right: 10px !important;}\u00bb][vc_column_inner width=\u00bb1\/2&#8243;][vc_icon icon_fontawesome=\u00bbfas fa-user\u00bb color=\u00bbwhite\u00bb background_style=\u00bbrounded\u00bb background_color=\u00bbturquoise\u00bb][vc_empty_space height=\u00bb25 px\u00bb][vc_column_text]<\/p>\n<h3><strong>Registrarse<\/strong><\/h3>\n<p>Solicite su <strong>usuario y contrase\u00f1a<\/strong> aqu\u00ed.<\/p>\n<p>&nbsp;<\/p>\n<h3><strong><a href=\"https:\/\/delapaztur.tur.ar\/turismo\/registrese\/\">Registrarme<\/a><\/strong><\/h3>\n<p>[\/vc_column_text][vc_empty_space height=\u00bb25 px\u00bb][\/vc_column_inner][vc_column_inner width=\u00bb1\/2&#8243;][vc_icon icon_fontawesome=\u00bbfas fa-book-reader\u00bb color=\u00bbwhite\u00bb background_style=\u00bbrounded\u00bb background_color=\u00bbblue\u00bb css_animation=\u00bbzoomInUp\u00bb link=\u00bburl:https%3A%2F%2Fdelapaztur.tur.ar%2Fturismo%2Fdescargas%2F|title:Descargas\u00bb][vc_empty_space height=\u00bb25 px\u00bb][vc_column_text]<\/p>\n<h3><strong>Tarifario | Salidas Garantizadas | <\/strong><strong>Fotos | <\/strong><strong>Manual de Ventas<\/strong><\/h3>\n<p>Inicie sesi\u00f3n aqu\u00ed para acceder al contenido.<\/p>\n<p>&nbsp;<\/p>\n<h3><strong><a href=\"https:\/\/delapaztur.tur.ar\/turismo\/descargas\/\" target=\"_blank\" rel=\"noopener\">Descargas<\/a><\/strong><\/h3>\n<p>[\/vc_column_text][vc_empty_space height=\u00bb25 px\u00bb][\/vc_column_inner][\/vc_row_inner][\/vc_column][\/vc_row][vc_row css=\u00bb.vc_custom_1431678189975{margin-top: 30px !important;margin-bottom: 60px !important;}\u00bb idsection=\u00bbinfo-row-contact\u00bb][vc_column][vc_empty_space height=\u00bb20px\u00bb][vc_column_text]<\/p>\n<h6>El titular de los datos personales tiene la facultad de ejercer el derecho de acceso a los mismos en forma gratuita a intervalos no inferiores a seis meses, salvo que se acredite un inter\u00e9s leg\u00edtimo al efecto conforme lo establecido en el art\u00edculo 14, inciso 3 de la Ley N\u00ba 25.326\u2033. \u201cLa DIRECCION NACIONAL DE PROTECCION DE DATOS PERSONALES, Organo de Control de la Ley N\u00ba 25.326, tiene la atribuci\u00f3n de atender las denuncias y reclamos que se interpongan con relaci\u00f3n al incumplimiento de las normas sobre protecci\u00f3n de datos personales.<\/h6>\n<p>[\/vc_column_text][vc_empty_space height=\u00bb20px\u00bb][\/vc_column][\/vc_row][vc_row][vc_column][\/vc_column][\/vc_row]<\/p>\n","protected":false},"excerpt":{"rendered":"<p>[vc_row full_width=\u00bbstretch_row_content_no_spaces\u00bb content_placement=\u00bbmiddle\u00bb row_style=\u00bbfull_width\u00bb css=\u00bb.vc_custom_1685305603304{margin-top: -50px !important;}\u00bb][vc_column css=\u00bb.vc_custom_1498440777070{padding-right: 0px !important;padding-left: 0px !important;}\u00bb][vc_empty_space height=\u00bb25px\u00bb][\/vc_column][\/vc_row][vc_row full_width=\u00bbstretch_row\u00bb content_placement=\u00bbmiddle\u00bb css=\u00bb.vc_custom_1642258413007{margin-top: -63px !important;}\u00bb][vc_column css=\u00bb.vc_custom_1642601270475{margin-right: 100px !important;margin-left: 100px !important;}\u00bb][vc_row_inner content_placement=\u00bbmiddle\u00bb el_class=\u00bbnicdark_sizing nicdark_border_grey nicdark_bg_grey\u00bb css=\u00bb.vc_custom_1642601052490{margin-right: 20px !important;padding-top: 20px !important;padding-right: 10px !important;}\u00bb][vc_column_inner width=\u00bb1\/2&#8243;][vc_icon icon_fontawesome=\u00bbfas fa-user\u00bb color=\u00bbwhite\u00bb background_style=\u00bbrounded\u00bb background_color=\u00bbturquoise\u00bb][vc_empty_space height=\u00bb25 px\u00bb][vc_column_text] Registrarse Solicite su usuario y contrase\u00f1a aqu\u00ed. &nbsp; Registrarme [\/vc_column_text][vc_empty_space height=\u00bb25 px\u00bb][\/vc_column_inner][vc_column_inner width=\u00bb1\/2&#8243;][vc_icon [&hellip;]<\/p>\n","protected":false},"author":3,"featured_media":0,"parent":0,"menu_order":0,"comment_status":"closed","ping_status":"closed","template":"","meta":{"om_disable_all_campaigns":false,"_monsterinsights_skip_tracking":false,"_monsterinsights_sitenote_active":false,"_monsterinsights_sitenote_note":"","_monsterinsights_sitenote_category":0,"footnotes":""},"class_list":["post-8254","page","type-page","status-publish","hentry"],"aioseo_notices":[],"_links":{"self":[{"href":"https:\/\/delapaztur.tur.ar\/turismo\/wp-json\/wp\/v2\/pages\/8254","targetHints":{"allow":["GET"]}}],"collection":[{"href":"https:\/\/delapaztur.tur.ar\/turismo\/wp-json\/wp\/v2\/pages"}],"about":[{"href":"https:\/\/delapaztur.tur.ar\/turismo\/wp-json\/wp\/v2\/types\/page"}],"author":[{"embeddable":true,"href":"https:\/\/delapaztur.tur.ar\/turismo\/wp-json\/wp\/v2\/users\/3"}],"replies":[{"embeddable":true,"href":"https:\/\/delapaztur.tur.ar\/turismo\/wp-json\/wp\/v2\/comments?post=8254"}],"version-history":[{"count":24,"href":"https:\/\/delapaztur.tur.ar\/turismo\/wp-json\/wp\/v2\/pages\/8254\/revisions"}],"predecessor-version":[{"id":12067,"href":"https:\/\/delapaztur.tur.ar\/turismo\/wp-json\/wp\/v2\/pages\/8254\/revisions\/12067"}],"wp:attachment":[{"href":"https:\/\/delapaztur.tur.ar\/turismo\/wp-json\/wp\/v2\/media?parent=8254"}],"curies":[{"name":"wp","href":"https:\/\/api.w.org\/{rel}","templated":true}]}}