{"id":8234,"date":"2022-04-29T01:20:07","date_gmt":"2022-04-29T01:20:07","guid":{"rendered":"https:\/\/delapaztur.tur.ar\/turismo\/index.php\/city-breaks\/"},"modified":"2023-06-05T14:49:12","modified_gmt":"2023-06-05T14:49:12","slug":"city-breaks","status":"publish","type":"page","link":"https:\/\/delapaztur.tur.ar\/turismo\/city-breaks\/","title":{"rendered":"CITY BREAKS"},"content":{"rendered":"<p>[vc_row][vc_column][\/vc_column][\/vc_row][vc_row][vc_column css=\u00bb.vc_custom_1432624712390{padding-right: 0px !important;padding-left: 0px !important;}\u00bb][vc_empty_space height=\u00bb40px\u00bb][vc_column_text]<\/p>\n<p style=\"text-align: center;\"><span style=\"color: #111111;\">Dispones de poco tiempo??<\/span><\/p>\n<p style=\"text-align: center;\"><span style=\"color: #18488a;\"><b>Igual puedes vivir lo m\u00e1s lindo de Argentina!!<\/b><\/span><\/p>\n<p style=\"text-align: center;\"><span style=\"color: #111111;\">Mira aqu\u00ed los mejores city breaks de 3 y 4 d\u00edas.<\/span><\/p>\n<p>[\/vc_column_text][vc_empty_space height=\u00bb40px\u00bb][\/vc_column][\/vc_row][vc_row css=\u00bb.vc_custom_1432626777634{margin-top: 40px !important;}\u00bb][vc_column][\/vc_column][\/vc_row][vc_row css=\u00bb.vc_custom_1432626777634{margin-top: 40px !important;}\u00bb][vc_column width=\u00bb1\/4&#8243;][vc_single_image image=\u00bb11365&#8243; img_size=\u00bbfull\u00bb alignment=\u00bbcenter\u00bb style=\u00bbvc_box_rounded\u00bb onclick=\u00bbcustom_link\u00bb link=\u00bbhttps:\/\/delapaztur.tur.ar\/turismo\/packages\/atacama\/\u00bb][vc_empty_space height=\u00bb20px\u00bb][vc_single_image image=\u00bb11361&#8243; img_size=\u00bbfull\u00bb alignment=\u00bbcenter\u00bb style=\u00bbvc_box_rounded\u00bb onclick=\u00bbcustom_link\u00bb link=\u00bbhttps:\/\/delapaztur.tur.ar\/turismo\/packages\/iguazu\u00bb][vc_empty_space height=\u00bb20px\u00bb][vc_single_image image=\u00bb11364&#8243; img_size=\u00bbfull\u00bb alignment=\u00bbcenter\u00bb style=\u00bbvc_box_rounded\u00bb onclick=\u00bbcustom_link\u00bb link=\u00bbhttps:\/\/delapaztur.tur.ar\/turismo\/packages\/buenos-aires\u00bb][\/vc_column][vc_column width=\u00bb1\/4&#8243;][vc_single_image image=\u00bb11363&#8243; img_size=\u00bbfull\u00bb alignment=\u00bbcenter\u00bb style=\u00bbvc_box_rounded\u00bb onclick=\u00bbcustom_link\u00bb link=\u00bbhttps:\/\/delapaztur.tur.ar\/turismo\/packages\/cruce-andino\/\u00bb][vc_empty_space height=\u00bb20px\u00bb][vc_single_image image=\u00bb11360&#8243; img_size=\u00bbfull\u00bb alignment=\u00bbcenter\u00bb style=\u00bbvc_box_rounded\u00bb onclick=\u00bbcustom_link\u00bb link=\u00bbhttps:\/\/delapaztur.tur.ar\/turismo\/packages\/puerto-madryn\u00bb][\/vc_column][vc_column width=\u00bb1\/4&#8243;][vc_single_image image=\u00bb11370&#8243; img_size=\u00bbfull\u00bb alignment=\u00bbcenter\u00bb style=\u00bbvc_box_rounded\u00bb onclick=\u00bbcustom_link\u00bb link=\u00bbhttps:\/\/delapaztur.tur.ar\/turismo\/packages\/santiago-de-chile\/\u00bb][vc_empty_space height=\u00bb20px\u00bb][vc_single_image image=\u00bb11366&#8243; img_size=\u00bbfull\u00bb alignment=\u00bbcenter\u00bb style=\u00bbvc_box_rounded\u00bb onclick=\u00bbcustom_link\u00bb link=\u00bbhttps:\/\/delapaztur.tur.ar\/turismo\/packages\/bariloche\u00bb][\/vc_column][vc_column width=\u00bb1\/4&#8243;][vc_single_image image=\u00bb11369&#8243; img_size=\u00bbfull\u00bb alignment=\u00bbcenter\u00bb style=\u00bbvc_box_rounded\u00bb onclick=\u00bbcustom_link\u00bb link=\u00bbhttps:\/\/delapaztur.tur.ar\/turismo\/packages\/salta\u00bb][vc_empty_space height=\u00bb20px\u00bb][vc_single_image image=\u00bb11362&#8243; img_size=\u00bbfull\u00bb alignment=\u00bbcenter\u00bb style=\u00bbvc_box_rounded\u00bb onclick=\u00bbcustom_link\u00bb link=\u00bbhttps:\/\/delapaztur.tur.ar\/turismo\/packages\/el-calafate\u00bb][\/vc_column][\/vc_row]<\/p>\n","protected":false},"excerpt":{"rendered":"<p>[vc_row][vc_column][\/vc_column][\/vc_row][vc_row][vc_column css=\u00bb.vc_custom_1432624712390{padding-right: 0px !important;padding-left: 0px !important;}\u00bb][vc_empty_space height=\u00bb40px\u00bb][vc_column_text] Dispones de poco tiempo?? Igual puedes vivir lo m\u00e1s lindo de Argentina!! Mira aqu\u00ed los mejores city breaks de 3 y 4 d\u00edas. [\/vc_column_text][vc_empty_space height=\u00bb40px\u00bb][\/vc_column][\/vc_row][vc_row css=\u00bb.vc_custom_1432626777634{margin-top: 40px !important;}\u00bb][vc_column][\/vc_column][\/vc_row][vc_row css=\u00bb.vc_custom_1432626777634{margin-top: 40px !important;}\u00bb][vc_column width=\u00bb1\/4&#8243;][vc_single_image image=\u00bb11365&#8243; img_size=\u00bbfull\u00bb alignment=\u00bbcenter\u00bb style=\u00bbvc_box_rounded\u00bb onclick=\u00bbcustom_link\u00bb link=\u00bbhttps:\/\/delapaztur.tur.ar\/turismo\/packages\/atacama\/\u00bb][vc_empty_space height=\u00bb20px\u00bb][vc_single_image image=\u00bb11361&#8243; img_size=\u00bbfull\u00bb alignment=\u00bbcenter\u00bb style=\u00bbvc_box_rounded\u00bb onclick=\u00bbcustom_link\u00bb link=\u00bbhttps:\/\/delapaztur.tur.ar\/turismo\/packages\/iguazu\u00bb][vc_empty_space height=\u00bb20px\u00bb][vc_single_image image=\u00bb11364&#8243; img_size=\u00bbfull\u00bb [&hellip;]<\/p>\n","protected":false},"author":6,"featured_media":0,"parent":0,"menu_order":0,"comment_status":"closed","ping_status":"closed","template":"","meta":{"om_disable_all_campaigns":false,"_monsterinsights_skip_tracking":false,"_monsterinsights_sitenote_active":false,"_monsterinsights_sitenote_note":"","_monsterinsights_sitenote_category":0,"footnotes":""},"class_list":["post-8234","page","type-page","status-publish","hentry"],"aioseo_notices":[],"_links":{"self":[{"href":"https:\/\/delapaztur.tur.ar\/turismo\/wp-json\/wp\/v2\/pages\/8234","targetHints":{"allow":["GET"]}}],"collection":[{"href":"https:\/\/delapaztur.tur.ar\/turismo\/wp-json\/wp\/v2\/pages"}],"about":[{"href":"https:\/\/delapaztur.tur.ar\/turismo\/wp-json\/wp\/v2\/types\/page"}],"author":[{"embeddable":true,"href":"https:\/\/delapaztur.tur.ar\/turismo\/wp-json\/wp\/v2\/users\/6"}],"replies":[{"embeddable":true,"href":"https:\/\/delapaztur.tur.ar\/turismo\/wp-json\/wp\/v2\/comments?post=8234"}],"version-history":[{"count":25,"href":"https:\/\/delapaztur.tur.ar\/turismo\/wp-json\/wp\/v2\/pages\/8234\/revisions"}],"predecessor-version":[{"id":11395,"href":"https:\/\/delapaztur.tur.ar\/turismo\/wp-json\/wp\/v2\/pages\/8234\/revisions\/11395"}],"wp:attachment":[{"href":"https:\/\/delapaztur.tur.ar\/turismo\/wp-json\/wp\/v2\/media?parent=8234"}],"curies":[{"name":"wp","href":"https:\/\/api.w.org\/{rel}","templated":true}]}}