{"id":658,"date":"2018-02-20T15:12:33","date_gmt":"2018-02-20T15:12:33","guid":{"rendered":"http:\/\/localhost\/themeforest\/themes\/lovetravel\/?page_id=13"},"modified":"2025-10-15T14:53:28","modified_gmt":"2025-10-15T14:53:28","slug":"home-2","status":"publish","type":"page","link":"https:\/\/delapaztur.tur.ar\/turismo\/","title":{"rendered":"Delapaztur"},"content":{"rendered":"<p>[vc_row full_width=\u00bbstretch_row_content\u00bb video_bg=\u00bbyes\u00bb video_bg_url=\u00bbhttps:\/\/www.youtube.com\/watch?v=_e43Rzx4erU\u00bb css=\u00bb.vc_custom_1756756130443{margin-top: 5% !important;padding-top: 20% !important;padding-right: 20% !important;padding-bottom: 20% !important;padding-left: 20% !important;background-position: center !important;background-repeat: no-repeat !important;background-size: cover !important;}\u00bb el_class=\u00bbnd_options_vc_parallax_filter_3&#8243;][vc_column offset=\u00bbvc_col-sm-offset-1&#8243; css=\u00bb.vc_custom_1688137326344{background-position: center !important;background-repeat: no-repeat !important;background-size: contain !important;}\u00bb] <h1 style=\"color:#ffffff;padding:px;text-align:center;font-size:50px;line-height:50px;letter-spacing: 0px;font-weight:bold\" class=\" nd_options_underline_effect nd_options_underline_effect_291  nd_options_first_font \">Argentina te espera<\/h1> <div style=\"background-color:;height: 35px\" class=\"nicdark_section  \"><\/div> <h6 style=\"color:#ffffff;padding:px;text-align:center;font-size:20px;line-height:20px;letter-spacing: 4px;font-weight:normal\" class=\"   nd_options_first_font \">DESCUBR\u00cd NUESTROS PROGRAMAS<\/h6> <div style=\"background-color:;height: 65px\" class=\"nicdark_section  \"><\/div>[vc_row_inner][vc_column_inner width=\u00bb1\/3&#8243;][\/vc_column_inner][vc_column_inner width=\u00bb1\/3&#8243;]\n\n    <div id=\"nd_travel_search_component_id_238649\" class=\"nd_travel_section opacity:0.8; \">\n\n        <!--START FORM-->\n        <form class=\"nd_travel_position_relative\" action=\"https:\/\/delapaztur.tur.ar\/turismo\/?post_type=wpcf7_contact_form&p=1084\" method=\"get\">\n\t\t\t<div style=\"\" id=\"nd_travel_search_components_destinations\" class=\" nd_travel_width_100_percentage nd_travel_float_left nd_travel_width_100_percentage_responsive nd_travel_box_sizing_border_box\">\n\t\t\t\t\n\t\t\t\t<select class=\"nd_travel_section nd_travel_padding_10_25_important nd_travel_border_radius_30_important\" name=\"nd_travel_archive_form_destinations\"><option value=\"0\">Elige tus Destinos...<\/option><option value=\"11270\">Aventura<\/option><option value=\"11250\">Todos los destinos<\/option><option value=\"9127\">Salida Garantizada en Octubre<\/option><option value=\"9126\">Salida Garantizada en Noviembre<\/option><option value=\"9124\">Per\u00fa<\/option><option value=\"9125\">&nbsp;&nbsp;- Per\u00fa Tierra de Imperios<\/option><option value=\"9123\">Excursiones Chile<\/option><option value=\"9122\">Combinables<\/option><option value=\"9110\">Chile<\/option><option value=\"9121\">&nbsp;&nbsp;- Santiago de Chile<\/option><option value=\"9120\">&nbsp;&nbsp;- Cruce Andino<\/option><option value=\"9119\">&nbsp;&nbsp;- Combinable Torres del Paine \u2013 Auto y Bus<\/option><option value=\"9118\">&nbsp;&nbsp;- Combinable Maravillas de Atacama<\/option><option value=\"9117\">&nbsp;&nbsp;- Combinable Isla de Pascua<\/option><option value=\"9116\">&nbsp;&nbsp;- Chile y Argentina \u2013 Torres Paine<\/option><option value=\"9115\">&nbsp;&nbsp;- Atacama<\/option><option value=\"9114\">&nbsp;&nbsp;- Argentina y Chile \u2013 Crucero Scorpios III Kawescar<\/option><option value=\"9113\">&nbsp;&nbsp;- Argentina y Chile \u2013 Crucero Scorpios II Chonos<\/option><option value=\"9112\">&nbsp;&nbsp;- Argentina y Chile \u2013 Crucero Australis<\/option><option value=\"9111\">&nbsp;&nbsp;- Argentina y Chile \u2013 Cruce Andino<\/option><option value=\"9108\">Brasil<\/option><option value=\"9109\">&nbsp;&nbsp;- Playas Cariocas<\/option><option value=\"9001\">Argentina Magn\u00edfica<\/option><option value=\"8950\">Argentina<\/option><option value=\"9107\">&nbsp;&nbsp;- Ushuaia<\/option><option value=\"9106\">&nbsp;&nbsp;- Salta<\/option><option value=\"9105\">&nbsp;&nbsp;- Salidas Garantizadas 2016<\/option><option value=\"9104\">&nbsp;&nbsp;- Salida de Fin de A\u00f1o<\/option><option value=\"9103\">&nbsp;&nbsp;- Puerto Madryn<\/option><option value=\"9102\">&nbsp;&nbsp;- Mendoza<\/option><option value=\"9100\">&nbsp;&nbsp;- Excursiones Bariloche<\/option><option value=\"9099\">&nbsp;&nbsp;- Excursiones Ushuaia<\/option><option value=\"9098\">&nbsp;&nbsp;- Excursiones Puerto Madryn<\/option><option value=\"9097\">&nbsp;&nbsp;- Excursiones Norte<\/option><option value=\"9096\">&nbsp;&nbsp;- Excursiones Iguaz\u00fa<\/option><option value=\"9095\">&nbsp;&nbsp;- Excursiones Calafate<\/option><option value=\"9094\">&nbsp;&nbsp;- Excursiones Buenos Aires<\/option><option value=\"9093\">&nbsp;&nbsp;- El Calafate<\/option><option value=\"9092\">&nbsp;&nbsp;- Desiertos y Salares<\/option><option value=\"9091\">&nbsp;&nbsp;- Descubriendo las ra\u00edces argentinas<\/option><option value=\"9090\">&nbsp;&nbsp;- Combinable vuelta a las alturas<\/option><option value=\"9089\">&nbsp;&nbsp;- Combinable Patagonia Fitz Roy<\/option><option value=\"9017\">&nbsp;&nbsp;- Combinable MARPATAG<\/option><option value=\"9016\">&nbsp;&nbsp;- Cataratas del Iguaz\u00fa<\/option><option value=\"9015\">&nbsp;&nbsp;- Buenos Aires<\/option><option value=\"9014\">&nbsp;&nbsp;- Bariloche<\/option><option value=\"9010\">&nbsp;&nbsp;- Avistajes Submarinos<\/option><option value=\"9005\">&nbsp;&nbsp;- Aventura en Patagonia<\/option><option value=\"9003\">&nbsp;&nbsp;- Argentina Sensaci\u00f3n<\/option><option value=\"9002\">&nbsp;&nbsp;- Argentina Profunda<\/option><option value=\"9000\">&nbsp;&nbsp;- Argentina Intensa<\/option><option value=\"8999\">&nbsp;&nbsp;- Argentina Incre\u00edble<\/option><option value=\"8998\">&nbsp;&nbsp;- Argentina Inc\u00f3gnita<\/option><option value=\"8987\">&nbsp;&nbsp;- Argentina Explora<\/option><option value=\"8954\">&nbsp;&nbsp;- Argentina Aventura + IGR<\/option><option value=\"8953\">&nbsp;&nbsp;- Argentina Aventura<\/option><option value=\"8952\">&nbsp;&nbsp;- Argentina aut\u00e9ntica<\/option><option value=\"8929\">Ant\u00e1rtida<\/option><option value=\"8930\">&nbsp;&nbsp;- Aero Crucero Antartica Express<\/option> \n\t\t\t\t<\/select>\n\n\t\t\t<\/div>\n    \t\t<div id=\"nd_travel_search_components_submit\" class=\"nd_travel_position_absolute nd_travel_right_10 nd_travel_top_0\">\n            \t<input class=\"\" type=\"submit\" value=\"\">\n            <\/div>\n\n            <style>\n            \t#nd_travel_search_components_submit input[type=\"submit\"] { \n            \t\tbackground-image :url(https:\/\/delapaztur.tur.ar\/turismo\/wp-content\/plugins\/nd-travel\/addons\/visual\/search\/layout\/icon-search-grey.png);\n            \t\tbackground-size: 18px;\n\t\t\t\t    background-position: center;\n\t\t\t\t    background-repeat: no-repeat;\n\t\t\t\t    background-color: transparent;\n\t\t\t\t    width:47px;\n\t\t\t\t    height:47px;\n            \t}\n            <\/style>\n\n        <\/form>\n        <!--END FORM-->\n\n    <\/div>\n\n\n[\/vc_column_inner][vc_column_inner width=\u00bb1\/3&#8243;][\/vc_column_inner][\/vc_row_inner]<div style=\"background-color:;height: 55px\" class=\"nicdark_section  \"><\/div>[vc_row_inner][vc_column_inner][\/vc_column_inner][\/vc_row_inner][vc_row_inner gap=\u00bb25&#8243;][vc_column_inner width=\u00bb1\/3&#8243; css=\u00bb.vc_custom_1687303284869{background-color: rgba(0,0,0,0.39) !important;*background-color: rgb(0,0,0) !important;}\u00bb][vc_icon icon_fontawesome=\u00bbfar fa-calendar-check\u00bb color=\u00bbwhite\u00bb align=\u00bbcenter\u00bb][vc_column_text]<\/p>\n<p style=\"text-align: center;\"><span style=\"color: #ffffff;\">SALIDAS GARANTIZADAS<\/span><\/p>\n<p>[\/vc_column_text][\/vc_column_inner][vc_column_inner width=\u00bb1\/3&#8243; css=\u00bb.vc_custom_1687302844147{background-color: rgba(0,0,0,0.39) !important;*background-color: rgb(0,0,0) !important;}\u00bb][vc_icon icon_fontawesome=\u00bbfas fa-cocktail\u00bb color=\u00bbwhite\u00bb align=\u00bbcenter\u00bb][vc_column_text]<\/p>\n<p style=\"text-align: center;\"><span style=\"color: #ffffff;\">VIAJES DE LUJO<\/span><\/p>\n<p>[\/vc_column_text][\/vc_column_inner][vc_column_inner width=\u00bb1\/3&#8243; css=\u00bb.vc_custom_1687302873804{background-color: rgba(0,0,0,0.39) !important;*background-color: rgb(0,0,0) !important;}\u00bb][vc_icon icon_fontawesome=\u00bbfas fa-camera-retro\u00bb color=\u00bbwhite\u00bb align=\u00bbcenter\u00bb link=\u00bburl:https%3A%2F%2Fdelapaztur.tur.ar%2Fturismo%2Ftypologies%2Fexperiencias%2F\u00bb][vc_column_text]<\/p>\n<p style=\"text-align: center;\"><span style=\"color: #ffffff;\">EXPERIENCIAS<\/span><\/p>\n<p>[\/vc_column_text][\/vc_column_inner][\/vc_row_inner][\/vc_column][\/vc_row][vc_row][vc_column]<div style=\"background-color:;height: 50px\" class=\"nicdark_section  \"><\/div> <h2 style=\"color:;padding:px;text-align:center;font-size:36px;line-height:36px;letter-spacing: 0px;font-weight:bold\" class=\" nd_options_underline_effect nd_options_underline_effect_60  nd_options_first_font \">SALIDAS <u>GARANTIZADAS<\/u><\/h2> [\/vc_column][\/vc_row][vc_row css=\u00bb.vc_custom_1538576183023{margin-top: 60px !important;}\u00bb][vc_column css=\u00bb.vc_custom_1539956738408{padding-right: 0px !important;padding-left: 0px !important;}\u00bb][\/vc_column]<div style=\"background-color:;height: 50px\" class=\"nicdark_section  \"><\/div> <h2 style=\"color:;padding:px;text-align:center;font-size:36px;line-height:36px;letter-spacing: 0px;font-weight:bold\" class=\" nd_options_underline_effect nd_options_underline_effect_903  nd_options_first_font \">NUESTRAS <u>PROPUESTAS<\/u><\/h2> <div style=\"background-color:;height: 35px\" class=\"nicdark_section  \"><\/div>[\/vc_row][vc_row content_placement=\u00bbtop\u00bb el_id=\u00bbhome-imagen\u00bb][vc_column width=\u00bb1\/3&#8243; css=\u00bb.vc_custom_1670696943745{margin-bottom: 25px !important;}\u00bb][vc_single_image image=\u00bb10086&#8243; img_size=\u00bbfull\u00bb alignment=\u00bbcenter\u00bb onclick=\u00bbcustom_link\u00bb css_animation=\u00bbnone\u00bb link=\u00bbhttps:\/\/delapaztur.tur.ar\/turismo\/trekking\/\u00bb]<div style=\"background-color:;height: 15px\" class=\"nicdark_section  \"><\/div>[vc_single_image image=\u00bb10082&#8243; img_size=\u00bbfull\u00bb alignment=\u00bbcenter\u00bb]<div style=\"background-color:;height: 15px\" class=\"nicdark_section  \"><\/div>[\/vc_column][vc_column width=\u00bb1\/3&#8243; css=\u00bb.vc_custom_1670697586090{margin-bottom: 25px !important;}\u00bb][vc_single_image image=\u00bb10084&#8243; img_size=\u00bbfull\u00bb alignment=\u00bbcenter\u00bb onclick=\u00bbcustom_link\u00bb link=\u00bbhttps:\/\/delapaztur.tur.ar\/turismo\/nuestros-programas\/\u00bb]<div style=\"background-color:;height: 15px\" class=\"nicdark_section  \"><\/div>[vc_single_image image=\u00bb10089&#8243; img_size=\u00bbfull\u00bb alignment=\u00bbcenter\u00bb]<div style=\"background-color:;height: 15px\" class=\"nicdark_section  \"><\/div>[\/vc_column][vc_column width=\u00bb1\/3&#8243;][vc_single_image image=\u00bb10085&#8243; img_size=\u00bbfull\u00bb alignment=\u00bbcenter\u00bb onclick=\u00bbcustom_link\u00bb link=\u00bbhttps:\/\/delapaztur.tur.ar\/turismo\/cruceros\/\u00bb]<div style=\"background-color:;height: 15px\" class=\"nicdark_section  \"><\/div>[vc_single_image image=\u00bb10083&#8243; img_size=\u00bbfull\u00bb alignment=\u00bbcenter\u00bb onclick=\u00bbcustom_link\u00bb link=\u00bbhttps:\/\/delapaztur.tur.ar\/turismo\/experiencias\/\u00bb]<div style=\"background-color:;height: px\" class=\"nicdark_section  \"><\/div>[\/vc_column][\/vc_row][vc_row][\/vc_row][vc_row css=\u00bb.vc_custom_1540215447386{margin-top: 30px !important;}\u00bb][vc_column width=\u00bb1\/4&#8243;]<div style=\"background-color:;height: 10px\" class=\"nicdark_section  \"><\/div>[vc_single_image image=\u00bb11666&#8243; img_size=\u00bb50&#215;50&#8243; alignment=\u00bbcenter\u00bb]<div style=\"background-color:;height: 10px\" class=\"nicdark_section  \"><\/div>[vc_column_text]<\/p>\n<h2 class=\"nd_options_first_font \" style=\"text-align: center;\">Responsabilidad Social Corporativa<\/h2>\n<p>[\/vc_column_text]<div style=\"background-color:;height: 10px\" class=\"nicdark_section  \"><\/div>[vc_column_text]<\/p>\n<p style=\"text-align: center;\">Nuestro compromiso es contribuir al progreso de la sociedad con alternativas m\u00e1s ecol\u00f3gicas, humanas y sostenibles.<\/p>\n<p>[\/vc_column_text]<div style=\"background-color:;height: 10px\" class=\"nicdark_section  \"><\/div>[\/vc_column][vc_column width=\u00bb1\/4&#8243;]<div style=\"background-color:;height: 10px\" class=\"nicdark_section  \"><\/div>[vc_single_image image=\u00bb11669&#8243; img_size=\u00bb50&#215;50&#8243; alignment=\u00bbcenter\u00bb]<div style=\"background-color:;height: 10px\" class=\"nicdark_section  \"><\/div>[vc_column_text]<\/p>\n<h2 class=\"nd_options_first_font \" style=\"text-align: center;\">Econom\u00eda local y compromiso social<\/h2>\n<p>[\/vc_column_text]<div style=\"background-color:;height: 10px\" class=\"nicdark_section  \"><\/div>[vc_column_text]<\/p>\n<p style=\"text-align: center;\">Nuestros valores clave son la transparencia, la personalizaci\u00f3n y el respeto.<\/p>\n<p>[\/vc_column_text]<div style=\"background-color:;height: 10px\" class=\"nicdark_section  \"><\/div>[\/vc_column][vc_column width=\u00bb1\/4&#8243;]<div style=\"background-color:;height: 10px\" class=\"nicdark_section  \"><\/div>[vc_single_image image=\u00bb11668&#8243; img_size=\u00bb50&#215;50&#8243; alignment=\u00bbcenter\u00bb]<div style=\"background-color:;height: 10px\" class=\"nicdark_section  \"><\/div>[vc_column_text]<\/p>\n<h2 class=\"nd_options_first_font \" style=\"text-align: center;\">Turismo responsable<\/h2>\n<p>[\/vc_column_text]<div style=\"background-color:;height: 10px\" class=\"nicdark_section  \"><\/div>[vc_column_text]<\/p>\n<p style=\"text-align: center;\">Buscamos fomentar el encuentro y el intercambio con la comunidad local, al mismo tiempo que preservamos el entorno natural.<\/p>\n<p>[\/vc_column_text]<div style=\"background-color:;height: 10px\" class=\"nicdark_section  \"><\/div>[\/vc_column][vc_column width=\u00bb1\/4&#8243;]<div style=\"background-color:;height: 10px\" class=\"nicdark_section  \"><\/div>[vc_single_image image=\u00bb11667&#8243; img_size=\u00bb50&#215;50&#8243; alignment=\u00bbcenter\u00bb]<div style=\"background-color:;height: 10px\" class=\"nicdark_section  \"><\/div>[vc_column_text]<\/p>\n<h2 class=\"nd_options_first_font \" style=\"text-align: center;\">Relaciones a largo plazo<\/h2>\n<p>[\/vc_column_text]<div style=\"background-color:;height: 10px\" class=\"nicdark_section  \"><\/div>[vc_column_text]<\/p>\n<p style=\"text-align: center;\">Nos comprometemos a establecer relaciones genuinas, duraderas y confiables con nuestros clientes y proveedores.<\/p>\n<p>[\/vc_column_text]<div style=\"background-color:;height: 10px\" class=\"nicdark_section  \"><\/div>[\/vc_column][\/vc_row][vc_row full_width=\u00bbstretch_row_content\u00bb css=\u00bb.vc_custom_1670707772874{margin-top: 65px !important;margin-bottom: 25px !important;}\u00bb][vc_column css=\u00bb.vc_custom_1687304654185{margin-bottom: 25px !important;padding-top: 60px !important;padding-bottom: 60px !important;background-position: center !important;background-repeat: no-repeat !important;background-size: cover !important;}\u00bb][vc_single_image image=\u00bb11659&#8243; img_size=\u00bbfull\u00bb][\/vc_column][\/vc_row][vc_row][vc_column] <h2 style=\"color:;padding:px;text-align:center;font-size:36px;line-height:36px;letter-spacing: 0px;font-weight:bold\" class=\" nd_options_underline_effect nd_options_underline_effect_1000  nd_options_first_font \"><u>LO QUE CUENTAN NUESTROS VIAJEROS<\/h2> [vc_column_text]<div class='white' style='background:#fafafa; border:solid 1px #f0f0f0; border-radius:5px; padding:8px 8px 8px 8px;'>\n<div id='sample_slider' class='owl-carousel sa_owl_theme owl-pagination-true autohide-arrows' data-slider-id='sample_slider' style='visibility:hidden;'>\n<div id='sample_slider_slide02' class='sa_hover_container' style='padding:5% 5%; margin:0px 0%; background-color:rgb(255, 255, 255); '><div style=\"text-align: center; padding-bottom: 10px;\">\r\n<div>Estamos muy agradecidos!<\/div>\r\n<h3>Carmen y Santos<\/h3>\r\n<p>Muy buena coordinaci\u00f3n. Tantos sitios a tantos kil\u00f3metros. Tantos vuelos, transfers hotel aeropuerto y viceversa, recogidas en el hotel para excursiones. No ha fallado nada.\u00a0<\/p>\r\n<\/div><\/div>\n<div id='sample_slider_slide01' class='sa_hover_container' style='padding:5% 5%; margin:0px 0%; background-color:rgb(255, 255, 255); '><div style=\"text-align: center; padding-bottom: 10px;\">\r\n<div>Perfecto!<\/div>\r\n<h3>Miriam<\/h3>\r\n<p>Realmente el viaje fue estupendo; no solo los hoteles sino tambi\u00e9n las excursiones estuvieron fabulosas. Muchas gracias por todo, gracias por atenderme durante el viaje . Saludos y si Dios quiere, pronto volveremos a viajar por ustedes. Un abrazo!<\/p>\r\n<\/div><\/div>\n<div id='sample_slider_slide05' class='sa_hover_container' style='padding:5% 5%; margin:0px 0%; background-color:rgb(255, 255, 255); '><div style=\"text-align: center; padding-bottom: 10px;\">\r\n<div>Ha sido un viaje espectacular!<\/div>\r\n<h3>Marimie<\/h3>\r\n<p>Gracias mil por su asistencia, ha sido un excelente viaje. Los gu\u00edas, el personal de contacto excelente y ustedes tambi\u00e9n.<\/p>\r\n<\/div><\/div>\n<div id='sample_slider_slide04' class='sa_hover_container' style='padding:5% 5%; margin:0px 0%; background-color:rgb(255, 255, 255); '><div style=\"text-align: center; padding-bottom: 10px;\">\r\n<div>Perfecto!<\/div>\r\n<h3>Sonia y Ana Mar\u00eda<\/h3>\r\n<p>El viaje francamente bien. Adem\u00e1s de lo maravilloso de los lugares y paisajes tenemos que agradeceros la magnifica organizaci\u00f3n.<br \/>No te quepa duda que vamos a recomendar tanto el destino como la agencia.<\/p>\r\n<\/div><\/div>\n<div id='sample_slider_slide03' class='sa_hover_container' style='padding:5% 5%; margin:0px 0%; background-color:rgb(255, 255, 255); '><div style=\"text-align: center; padding-bottom: 10px;\">\r\n<div>Perfecto!<\/div>\r\n<h3>Jos\u00e9 e Irene<\/h3>\r\n<p>Hoy terminamos el viaje y todo fue de maravilla. Gracias por la excelente organizaci\u00f3n. Qu\u00e9 gran pa\u00eds Argentina y qu\u00e9 amables y facilitadores todos los argentinos.<br \/><br \/><\/p>\r\n<\/div><\/div>\n<\/div>\n<\/div>\n<script type='text\/javascript'>\n\tjQuery(document).ready(function() {\n\t\tjQuery('#sample_slider').owlCarousel({\n\t\t\tresponsive:{\n\t\t\t\t0:{ items:1 },\n\t\t\t\t480:{ items:2 },\n\t\t\t\t768:{ items:3 },\n\t\t\t\t980:{ items:4 },\n\t\t\t\t1200:{ items:4 },\n\t\t\t\t1500:{ items:4 }\n\t\t\t},\n\t\t\tautoplay : true,\n\t\t\tautoplayTimeout : 4000,\n\t\t\tautoplayHoverPause : true,\n\t\t\tsmartSpeed : 300,\n\t\t\tfluidSpeed : 300,\n\t\t\tautoplaySpeed : 300,\n\t\t\tnavSpeed : 300,\n\t\t\tdotsSpeed : 300,\n\t\t\tloop : true,\n\t\t\tnav : true,\n\t\t\tnavText : ['Previous','Next'],\n\t\t\tdots : true,\n\t\t\tresponsiveRefreshRate : 200,\n\t\t\tslideBy : 1,\n\t\t\tmergeFit : true,\n\t\t\tautoHeight : false,\n\t\t\tmouseDrag : false,\n\t\t\ttouchDrag : true\n\t\t});\n\t\tjQuery('#sample_slider').css('visibility', 'visible');\n\t\tsa_resize_sample_slider();\n\t\twindow.addEventListener('resize', sa_resize_sample_slider);\n\t\tfunction sa_resize_sample_slider() {\n\t\t\tvar min_height = '50';\n\t\t\tvar win_width = jQuery(window).width();\n\t\t\tvar slider_width = jQuery('#sample_slider').width();\n\t\t\tif (win_width < 480) {\n\t\t\t\tvar slide_width = slider_width \/ 1;\n\t\t\t} else if (win_width < 768) {\n\t\t\t\tvar slide_width = slider_width \/ 2;\n\t\t\t} else if (win_width < 980) {\n\t\t\t\tvar slide_width = slider_width \/ 3;\n\t\t\t} else if (win_width < 1200) {\n\t\t\t\tvar slide_width = slider_width \/ 4;\n\t\t\t} else if (win_width < 1500) {\n\t\t\t\tvar slide_width = slider_width \/ 4;\n\t\t\t} else {\n\t\t\t\tvar slide_width = slider_width \/ 4;\n\t\t\t}\n\t\t\tslide_width = Math.round(slide_width);\n\t\t\tvar slide_height = '0';\n\t\t\tif (min_height == 'aspect43') {\n\t\t\t\tslide_height = (slide_width \/ 4) * 3;\t\t\t\tslide_height = Math.round(slide_height);\n\t\t\t} else if (min_height == 'aspect169') {\n\t\t\t\tslide_height = (slide_width \/ 16) * 9;\t\t\t\tslide_height = Math.round(slide_height);\n\t\t\t} else {\n\t\t\t\tslide_height = (slide_width \/ 100) * min_height;\t\t\t\tslide_height = Math.round(slide_height);\n\t\t\t}\n\t\t\tjQuery('#sample_slider .owl-item .sa_hover_container').css('min-height', slide_height+'px');\n\t\t}\n\t\tvar owl_goto = jQuery('#sample_slider');\n\t\tjQuery('.sample_slider_goto1').click(function(event){\n\t\t\towl_goto.trigger('to.owl.carousel', 0);\n\t\t});\n\t\tjQuery('.sample_slider_goto2').click(function(event){\n\t\t\towl_goto.trigger('to.owl.carousel', 1);\n\t\t});\n\t\tjQuery('.sample_slider_goto3').click(function(event){\n\t\t\towl_goto.trigger('to.owl.carousel', 2);\n\t\t});\n\t\tjQuery('.sample_slider_goto4').click(function(event){\n\t\t\towl_goto.trigger('to.owl.carousel', 3);\n\t\t});\n\t\tjQuery('.sample_slider_goto5').click(function(event){\n\t\t\towl_goto.trigger('to.owl.carousel', 4);\n\t\t});\n\t\tvar resize_9172 = jQuery('.owl-carousel');\n\t\tresize_9172.on('initialized.owl.carousel', function(e) {\n\t\t\tif (typeof(Event) === 'function') {\n\t\t\t\twindow.dispatchEvent(new Event('resize'));\n\t\t\t} else {\n\t\t\t\tvar evt = window.document.createEvent('UIEvents');\n\t\t\t\tevt.initUIEvent('resize', true, false, window, 0);\n\t\t\t\twindow.dispatchEvent(evt);\n\t\t\t}\n\t\t});\n\t});\n<\/script>\n[\/vc_column_text][\/vc_column][\/vc_row][vc_column][\/vc_column][vc_column][\/vc_column][vc_column][\/vc_column][vc_column width=\u00bb1\/4&#8243;][\/vc_column][vc_column width=\u00bb1\/4&#8243;][\/vc_column][vc_column width=\u00bb1\/4&#8243;][\/vc_column][vc_column width=\u00bb1\/4&#8243;][\/vc_column][vc_column width=\u00bb1\/4&#8243;][\/vc_column][vc_column width=\u00bb1\/4&#8243;][\/vc_column][vc_column width=\u00bb1\/4&#8243;][\/vc_column][vc_column width=\u00bb1\/4&#8243;][\/vc_column][vc_column width=\u00bb1\/4&#8243;][\/vc_column][vc_column width=\u00bb1\/4&#8243;][\/vc_column][vc_column][\/vc_column][vc_column][\/vc_column][vc_column][\/vc_column][vc_column][\/vc_column][vc_column][\/vc_column][vc_column][\/vc_column][vc_column][\/vc_column][vc_column][\/vc_column]<\/u><\/p>\n","protected":false},"excerpt":{"rendered":"<p>[vc_row full_width=\u00bbstretch_row_content\u00bb video_bg=\u00bbyes\u00bb video_bg_url=\u00bbhttps:\/\/www.youtube.com\/watch?v=_e43Rzx4erU\u00bb css=\u00bb.vc_custom_1756756130443{margin-top: 5% !important;padding-top: 20% !important;padding-right: 20% !important;padding-bottom: 20% !important;padding-left: 20% !important;background-position: center !important;background-repeat: no-repeat !important;background-size: cover !important;}\u00bb el_class=\u00bbnd_options_vc_parallax_filter_3&#8243;][vc_column offset=\u00bbvc_col-sm-offset-1&#8243; css=\u00bb.vc_custom_1688137326344{background-position: center !important;background-repeat: no-repeat !important;background-size: contain !important;}\u00bb][vc_row_inner][vc_column_inner width=\u00bb1\/3&#8243;][\/vc_column_inner][vc_column_inner width=\u00bb1\/3&#8243;][\/vc_column_inner][vc_column_inner width=\u00bb1\/3&#8243;][\/vc_column_inner][\/vc_row_inner][vc_row_inner][vc_column_inner][\/vc_column_inner][\/vc_row_inner][vc_row_inner gap=\u00bb25&#8243;][vc_column_inner width=\u00bb1\/3&#8243; css=\u00bb.vc_custom_1687303284869{background-color: rgba(0,0,0,0.39) !important;*background-color: rgb(0,0,0) !important;}\u00bb][vc_icon icon_fontawesome=\u00bbfar fa-calendar-check\u00bb color=\u00bbwhite\u00bb align=\u00bbcenter\u00bb][vc_column_text] SALIDAS GARANTIZADAS [\/vc_column_text][\/vc_column_inner][vc_column_inner width=\u00bb1\/3&#8243; css=\u00bb.vc_custom_1687302844147{background-color: rgba(0,0,0,0.39) !important;*background-color: rgb(0,0,0) !important;}\u00bb][vc_icon icon_fontawesome=\u00bbfas fa-cocktail\u00bb [&hellip;]<\/p>\n","protected":false},"author":1,"featured_media":0,"parent":0,"menu_order":0,"comment_status":"closed","ping_status":"closed","template":"","meta":{"om_disable_all_campaigns":true,"_monsterinsights_skip_tracking":false,"_monsterinsights_sitenote_active":false,"_monsterinsights_sitenote_note":"","_monsterinsights_sitenote_category":0,"footnotes":""},"class_list":["post-658","page","type-page","status-publish","hentry"],"aioseo_notices":[],"_links":{"self":[{"href":"https:\/\/delapaztur.tur.ar\/turismo\/wp-json\/wp\/v2\/pages\/658","targetHints":{"allow":["GET"]}}],"collection":[{"href":"https:\/\/delapaztur.tur.ar\/turismo\/wp-json\/wp\/v2\/pages"}],"about":[{"href":"https:\/\/delapaztur.tur.ar\/turismo\/wp-json\/wp\/v2\/types\/page"}],"author":[{"embeddable":true,"href":"https:\/\/delapaztur.tur.ar\/turismo\/wp-json\/wp\/v2\/users\/1"}],"replies":[{"embeddable":true,"href":"https:\/\/delapaztur.tur.ar\/turismo\/wp-json\/wp\/v2\/comments?post=658"}],"version-history":[{"count":366,"href":"https:\/\/delapaztur.tur.ar\/turismo\/wp-json\/wp\/v2\/pages\/658\/revisions"}],"predecessor-version":[{"id":12588,"href":"https:\/\/delapaztur.tur.ar\/turismo\/wp-json\/wp\/v2\/pages\/658\/revisions\/12588"}],"wp:attachment":[{"href":"https:\/\/delapaztur.tur.ar\/turismo\/wp-json\/wp\/v2\/media?parent=658"}],"curies":[{"name":"wp","href":"https:\/\/api.w.org\/{rel}","templated":true}]}}