{"id":1140,"date":"2018-11-06T13:26:31","date_gmt":"2018-11-06T13:26:31","guid":{"rendered":"http:\/\/localhost\/themeforest\/themes\/lovetravel\/?page_id=1140"},"modified":"2025-04-29T18:31:37","modified_gmt":"2025-04-29T18:31:37","slug":"nosotros","status":"publish","type":"page","link":"https:\/\/delapaztur.tur.ar\/turismo\/nosotros\/","title":{"rendered":"Nosotros"},"content":{"rendered":"<p>[vc_row content_placement=\u00bbmiddle\u00bb css=\u00bb.vc_custom_1541514451535{margin-top: 50px !important;}\u00bb][vc_column css=\u00bb.vc_custom_1467207292391{margin-top: 10px !important;margin-bottom: 10px !important;padding-top: 0px !important;}\u00bb]<div style=\"background-color:;height: 40px\" class=\"nicdark_section  \"><\/div>[vc_column_text el_class=\u00bbnd_options_text_align_center_responsive\u00bb]<\/p>\n<p style=\"text-align: center;\"><strong>\u00bfQui\u00e9nes somos?<\/strong><\/p>\n<p>[\/vc_column_text]<div style=\"background-color:;height: 40px\" class=\"nicdark_section  \"><\/div>[vc_column_text el_class=\u00bbnd_options_text_align_center_responsive\u00bb]<strong>DELAPAZTUR <\/strong>es una prestigiosa empresa argentina de turismo receptivo, con sede en Buenos Aires desde 1991. Nos especializamos en la creaci\u00f3n de itinerarios personalizados y en ofrecer la mejor atenci\u00f3n a los viajeros extranjeros.<\/p>\n<p>&nbsp;<\/p>\n<p>Brindamos asesoramiento integral a pasajeros individuales, grupos e incentivos, gui\u00e1ndolos en la realizaci\u00f3n del viaje deseado y asegur\u00e1ndoles un <strong>servicio personalizado de alta calidad y seguridad <\/strong>en cada uno de los destinos.[\/vc_column_text]<div style=\"background-color:;height: 40px\" class=\"nicdark_section  \"><\/div>[vc_column_text el_class=\u00bbnd_options_text_align_center_responsive\u00bb]Cada a\u00f1o, participamos en los principales eventos de la industria tur\u00edstica, tales como <strong>FITUR, EIBTM, B-TRAVEL, WTM, BIT Mil\u00e1n, TTG Incontri y FIT<\/strong>, donde exhibimos lo mejor de Argentina y todos sus atractivos.<\/p>\n<div>\n<div class=\"gmail_signature\" dir=\"ltr\" data-smartmail=\"gmail_signature\"><\/div>\n<\/div>\n<p>[\/vc_column_text]<div style=\"background-color:;height: 40px\" class=\"nicdark_section  \"><\/div>[vc_separator]<div style=\"background-color:;height: 40px\" class=\"nicdark_section  \"><\/div>[vc_column_text el_class=\u00bbnd_options_text_align_center_responsive\u00bb]<strong>Apostamos por un turismo sostenible y consciente y es por eso que celebramos <\/strong><strong>un gran logro: \u00a1hemos sido reconocidos como Travelife Partners! <\/strong><strong>Un paso m\u00e1s hacia un turismo que cuida el planeta y apoya a las comunidades locales.<\/strong><\/p>\n<div>\n<div class=\"gmail_signature\" dir=\"ltr\" data-smartmail=\"gmail_signature\"><\/div>\n<\/div>\n<p>[\/vc_column_text][vc_single_image image=\u00bb12656&#8243; img_size=\u00bb850&#215;605&#8243; alignment=\u00bbcenter\u00bb][\/vc_column][\/vc_row][vc_row css=\u00bb.vc_custom_1680530361724{margin-top: 60px !important;margin-right: 10% !important;margin-left: 10% !important;}\u00bb][vc_column css=\u00bb.vc_custom_1484577150370{padding-right: 0px !important;padding-left: 0px !important;}\u00bb][vc_btn title=\u00bbPol\u00edtica de Calidad\u00bb color=\u00bbblue\u00bb size=\u00bblg\u00bb align=\u00bbcenter\u00bb link=\u00bburl:https%3A%2F%2Fdelapaztur.tur.ar%2Fturismo%2Fpolitica-de-calidad%2F|title:Pol%C3%ADtica%20de%20calidad\u00bb]<div style=\"background-color:;height: 40px\" class=\"nicdark_section  \"><\/div>[\/vc_column][\/vc_row][vc_row full_width=\u00bbstretch_row\u00bb parallax=\u00bbcontent-moving\u00bb parallax_image=\u00bb10638&#8243; css=\u00bb.vc_custom_1680782200542{margin-top: 60px !important;padding-top: 100px !important;padding-bottom: 200px !important;}\u00bb el_class=\u00bbnd_options_vc_parallax_filter_1_3&#8243;][vc_column]<div style=\"background-color:;height: 40px\" class=\"nicdark_section  \"><\/div> <h1 style=\"color:#ffffff;padding:px;text-align:center;font-size:50px;line-height:50px;letter-spacing: px;font-weight:bold\" class=\"   nd_options_first_font \">Nuestro equipo<\/h1> <div style=\"background-color:;height: 75px\" class=\"nicdark_section  \"><\/div>[\/vc_column][\/vc_row][vc_row][vc_column width=\u00bb1\/3&#8243;][\/vc_column][vc_column width=\u00bb1\/3&#8243;][\/vc_column][\/vc_row][vc_row css=\u00bb.vc_custom_1664423237507{margin-top: -110px !important;}\u00bb][vc_column]<div style=\"background-color:;height: 30px\" class=\"nicdark_section  \"><\/div>[\/vc_column][\/vc_row][vc_row][vc_column width=\u00bb1\/3&#8243;][vc_single_image image=\u00bb10973&#8243; img_size=\u00bb370&#215;250&#8243;][\/vc_column][vc_column width=\u00bb1\/3&#8243;][vc_single_image image=\u00bb10975&#8243; img_size=\u00bb370&#215;250&#8243;][\/vc_column][vc_column width=\u00bb1\/3&#8243;][vc_single_image image=\u00bb10974&#8243; img_size=\u00bb370&#215;250&#8243;][\/vc_column][\/vc_row]<\/p>\n","protected":false},"excerpt":{"rendered":"<p>[vc_row content_placement=\u00bbmiddle\u00bb css=\u00bb.vc_custom_1541514451535{margin-top: 50px !important;}\u00bb][vc_column css=\u00bb.vc_custom_1467207292391{margin-top: 10px !important;margin-bottom: 10px !important;padding-top: 0px !important;}\u00bb][vc_column_text el_class=\u00bbnd_options_text_align_center_responsive\u00bb] \u00bfQui\u00e9nes somos? [\/vc_column_text][vc_column_text el_class=\u00bbnd_options_text_align_center_responsive\u00bb]DELAPAZTUR es una prestigiosa empresa argentina de turismo receptivo, con sede en Buenos Aires desde 1991. Nos especializamos en la creaci\u00f3n de itinerarios personalizados y en ofrecer la mejor atenci\u00f3n a los viajeros extranjeros. &nbsp; Brindamos asesoramiento integral a [&hellip;]<\/p>\n","protected":false},"author":1,"featured_media":0,"parent":0,"menu_order":0,"comment_status":"closed","ping_status":"closed","template":"","meta":{"om_disable_all_campaigns":false,"_monsterinsights_skip_tracking":false,"_monsterinsights_sitenote_active":false,"_monsterinsights_sitenote_note":"","_monsterinsights_sitenote_category":0,"footnotes":""},"class_list":["post-1140","page","type-page","status-publish","hentry"],"aioseo_notices":[],"_links":{"self":[{"href":"https:\/\/delapaztur.tur.ar\/turismo\/wp-json\/wp\/v2\/pages\/1140","targetHints":{"allow":["GET"]}}],"collection":[{"href":"https:\/\/delapaztur.tur.ar\/turismo\/wp-json\/wp\/v2\/pages"}],"about":[{"href":"https:\/\/delapaztur.tur.ar\/turismo\/wp-json\/wp\/v2\/types\/page"}],"author":[{"embeddable":true,"href":"https:\/\/delapaztur.tur.ar\/turismo\/wp-json\/wp\/v2\/users\/1"}],"replies":[{"embeddable":true,"href":"https:\/\/delapaztur.tur.ar\/turismo\/wp-json\/wp\/v2\/comments?post=1140"}],"version-history":[{"count":130,"href":"https:\/\/delapaztur.tur.ar\/turismo\/wp-json\/wp\/v2\/pages\/1140\/revisions"}],"predecessor-version":[{"id":12661,"href":"https:\/\/delapaztur.tur.ar\/turismo\/wp-json\/wp\/v2\/pages\/1140\/revisions\/12661"}],"wp:attachment":[{"href":"https:\/\/delapaztur.tur.ar\/turismo\/wp-json\/wp\/v2\/media?parent=1140"}],"curies":[{"name":"wp","href":"https:\/\/api.w.org\/{rel}","templated":true}]}}