{"id":10772,"date":"2023-05-02T19:55:44","date_gmt":"2023-05-02T19:55:44","guid":{"rendered":"https:\/\/delapaztur.tur.ar\/turismo\/?page_id=10772"},"modified":"2023-06-22T12:58:28","modified_gmt":"2023-06-22T12:58:28","slug":"aventura","status":"publish","type":"page","link":"https:\/\/delapaztur.tur.ar\/turismo\/aventura\/","title":{"rendered":"Aventura"},"content":{"rendered":"<p>[vc_row][vc_column][vc_column_text]<\/p>\n<p style=\"text-align: center;\">En esta secci\u00f3n te presentamos algunas de las propuestas dise\u00f1adas para que vivas las <strong>mejores aventuras<\/strong> disfrutando de <strong>paisajes \u00fanicos<\/strong>.<\/p>\n<p style=\"text-align: center;\">Seleccion\u00e1 el destino y obt\u00e9n m\u00e1s informaci\u00f3n.<\/p>\n<p>[\/vc_column_text][\/vc_column][\/vc_row][vc_row][vc_column][vc_empty_space height=\u00bb60px\u00bb][\/vc_column][\/vc_row][vc_row][vc_column width=\u00bb1\/4&#8243;][vc_single_image image=\u00bb11729&#8243; img_size=\u00bbfull\u00bb alignment=\u00bbcenter\u00bb style=\u00bbvc_box_rounded\u00bb onclick=\u00bbcustom_link\u00bb css_animation=\u00bbnone\u00bb link=\u00bbhttps:\/\/delapaztur.tur.ar\/turismo\/packages\/aventura-bariloche\/\u00bb][\/vc_column][vc_column width=\u00bb1\/4&#8243;][vc_single_image image=\u00bb11727&#8243; img_size=\u00bbfull\u00bb alignment=\u00bbcenter\u00bb style=\u00bbvc_box_rounded\u00bb onclick=\u00bbcustom_link\u00bb link=\u00bbhttps:\/\/delapaztur.tur.ar\/turismo\/packages\/aventura-buenos-aires\/\u00bb][\/vc_column][vc_column width=\u00bb1\/4&#8243;][vc_single_image image=\u00bb11730&#8243; img_size=\u00bbfull\u00bb alignment=\u00bbcenter\u00bb style=\u00bbvc_box_rounded\u00bb onclick=\u00bbcustom_link\u00bb link=\u00bbhttps:\/\/delapaztur.tur.ar\/turismo\/packages\/\/aventura-el-calafate\/\u00bb][\/vc_column][vc_column width=\u00bb1\/4&#8243;][vc_single_image image=\u00bb11726&#8243; img_size=\u00bbfull\u00bb alignment=\u00bbcenter\u00bb style=\u00bbvc_box_rounded\u00bb onclick=\u00bbcustom_link\u00bb link=\u00bbhttps:\/\/delapaztur.tur.ar\/turismo\/packages\/aventura-iguazu\/\u00bb][\/vc_column][\/vc_row][vc_row][vc_column][vc_empty_space height=\u00bb60px\u00bb][\/vc_column][\/vc_row][vc_row][vc_column width=\u00bb1\/4&#8243;][vc_single_image image=\u00bb11722&#8243; img_size=\u00bbfull\u00bb alignment=\u00bbcenter\u00bb style=\u00bbvc_box_rounded\u00bb onclick=\u00bbcustom_link\u00bb css_animation=\u00bbfadeIn\u00bb link=\u00bbhttps:\/\/delapaztur.tur.ar\/turismo\/packages\/aventuramendoza\/\u00bb][\/vc_column][vc_column width=\u00bb1\/4&#8243;][vc_single_image image=\u00bb11723&#8243; img_size=\u00bbfull\u00bb alignment=\u00bbcenter\u00bb style=\u00bbvc_box_rounded\u00bb onclick=\u00bbcustom_link\u00bb link=\u00bbhttps:\/\/delapaztur.tur.ar\/turismo\/packages\/aventura-norte\/\u00bb][\/vc_column][vc_column width=\u00bb1\/4&#8243;][vc_single_image image=\u00bb11725&#8243; img_size=\u00bbfull\u00bb alignment=\u00bbcenter\u00bb style=\u00bbvc_box_rounded\u00bb onclick=\u00bbcustom_link\u00bb link=\u00bbhttps:\/\/delapaztur.tur.ar\/turismo\/packages\/aventura-puerto-madryn\/\u00bb][\/vc_column][vc_column width=\u00bb1\/4&#8243;][vc_single_image image=\u00bb11721&#8243; img_size=\u00bbfull\u00bb alignment=\u00bbcenter\u00bb style=\u00bbvc_box_rounded\u00bb onclick=\u00bbcustom_link\u00bb link=\u00bbhttps:\/\/delapaztur.tur.ar\/turismo\/packages\/aventura-ushuaia\/\u00bb][\/vc_column][\/vc_row][vc_row][vc_column][\/vc_column][\/vc_row]<\/p>\n","protected":false},"excerpt":{"rendered":"<p>[vc_row][vc_column][vc_column_text] En esta secci\u00f3n te presentamos algunas de las propuestas dise\u00f1adas para que vivas las mejores aventuras disfrutando de paisajes \u00fanicos. Seleccion\u00e1 el destino y obt\u00e9n m\u00e1s informaci\u00f3n. [\/vc_column_text][\/vc_column][\/vc_row][vc_row][vc_column][vc_empty_space height=\u00bb60px\u00bb][\/vc_column][\/vc_row][vc_row][vc_column width=\u00bb1\/4&#8243;][vc_single_image image=\u00bb11729&#8243; img_size=\u00bbfull\u00bb alignment=\u00bbcenter\u00bb style=\u00bbvc_box_rounded\u00bb onclick=\u00bbcustom_link\u00bb css_animation=\u00bbnone\u00bb link=\u00bbhttps:\/\/delapaztur.tur.ar\/turismo\/packages\/aventura-bariloche\/\u00bb][\/vc_column][vc_column width=\u00bb1\/4&#8243;][vc_single_image image=\u00bb11727&#8243; img_size=\u00bbfull\u00bb alignment=\u00bbcenter\u00bb style=\u00bbvc_box_rounded\u00bb onclick=\u00bbcustom_link\u00bb link=\u00bbhttps:\/\/delapaztur.tur.ar\/turismo\/packages\/aventura-buenos-aires\/\u00bb][\/vc_column][vc_column width=\u00bb1\/4&#8243;][vc_single_image image=\u00bb11730&#8243; img_size=\u00bbfull\u00bb alignment=\u00bbcenter\u00bb style=\u00bbvc_box_rounded\u00bb onclick=\u00bbcustom_link\u00bb link=\u00bbhttps:\/\/delapaztur.tur.ar\/turismo\/packages\/\/aventura-el-calafate\/\u00bb][\/vc_column][vc_column width=\u00bb1\/4&#8243;][vc_single_image image=\u00bb11726&#8243; img_size=\u00bbfull\u00bb [&hellip;]<\/p>\n","protected":false},"author":1,"featured_media":0,"parent":0,"menu_order":0,"comment_status":"closed","ping_status":"closed","template":"","meta":{"om_disable_all_campaigns":false,"_monsterinsights_skip_tracking":false,"_monsterinsights_sitenote_active":false,"_monsterinsights_sitenote_note":"","_monsterinsights_sitenote_category":0,"footnotes":""},"class_list":["post-10772","page","type-page","status-publish","hentry"],"aioseo_notices":[],"_links":{"self":[{"href":"https:\/\/delapaztur.tur.ar\/turismo\/wp-json\/wp\/v2\/pages\/10772","targetHints":{"allow":["GET"]}}],"collection":[{"href":"https:\/\/delapaztur.tur.ar\/turismo\/wp-json\/wp\/v2\/pages"}],"about":[{"href":"https:\/\/delapaztur.tur.ar\/turismo\/wp-json\/wp\/v2\/types\/page"}],"author":[{"embeddable":true,"href":"https:\/\/delapaztur.tur.ar\/turismo\/wp-json\/wp\/v2\/users\/1"}],"replies":[{"embeddable":true,"href":"https:\/\/delapaztur.tur.ar\/turismo\/wp-json\/wp\/v2\/comments?post=10772"}],"version-history":[{"count":5,"href":"https:\/\/delapaztur.tur.ar\/turismo\/wp-json\/wp\/v2\/pages\/10772\/revisions"}],"predecessor-version":[{"id":11745,"href":"https:\/\/delapaztur.tur.ar\/turismo\/wp-json\/wp\/v2\/pages\/10772\/revisions\/11745"}],"wp:attachment":[{"href":"https:\/\/delapaztur.tur.ar\/turismo\/wp-json\/wp\/v2\/media?parent=10772"}],"curies":[{"name":"wp","href":"https:\/\/api.w.org\/{rel}","templated":true}]}}